{"id":1679,"date":"2021-09-30T17:07:05","date_gmt":"2021-09-30T17:07:05","guid":{"rendered":"https:\/\/hotelohsevresautrement.fr\/?page_id=1679"},"modified":"2024-04-12T16:29:30","modified_gmt":"2024-04-12T16:29:30","slug":"a-propos-de-lhotel-oh-sevres-autrement","status":"publish","type":"page","link":"https:\/\/hotelohsevresautrement.fr\/en\/a-propos-de-lhotel-oh-sevres-autrement\/","title":{"rendered":"\u00c0 propos de l&rsquo;h\u00f4tel Oh S\u00e8vres Autrement situ\u00e9 \u00e0 S\u00e8vres"},"content":{"rendered":"<div class=\"vc_row wpb_row vc_row-fluid\"><div class=\"wpb_column vc_column_container vc_col-sm-6\"><div class=\"vc_column-inner vc_custom_1467360650255\"><div class=\"wpb_wrapper\"><div style=\"background-color:;height: 10px\" class=\"nicdark_section\"><\/div> <h2 style=\"color:#727475;padding:px;text-align:right;font-size:40px;line-height:50px;letter-spacing: px;font-weight:normal\" class=\"nd_options_text_align_center_responsive_important nd_options_first_font\">L\u2019H\u00f4tel du Centre situ\u00e9 \u00e0 S\u00e8vres vous accueille dans une ambiance conviviale et familiale, notre concept consiste \u00e0 se sentir \u00ab Comme \u00e0 la maison !<\/h2> <\/div><\/div><\/div><div class=\"wpb_column vc_column_container vc_col-sm-3\"><div class=\"vc_column-inner vc_custom_1467207292391\"><div class=\"wpb_wrapper\"><div style=\"background-color:;height: 20px\" class=\"nicdark_section\"><\/div>\n\t<div class=\"wpb_text_column wpb_content_element  nd_options_text_align_center_responsive\" >\n\t\t<div class=\"wpb_wrapper\">\n\t\t\t<p>Nos appartements et chambres sont tr\u00e8s spacieuses, et \u00e9quip\u00e9es d&rsquo;un espace d\u00e9tente, offrent un cadre agr\u00e9able et confortable.<\/p>\n\n\t\t<\/div>\n\t<\/div>\n<div style=\"background-color:;height: 20px\" class=\"nicdark_section\"><\/div>\n\t<div class=\"wpb_text_column wpb_content_element  nd_options_text_align_center_responsive\" >\n\t\t<div class=\"wpb_wrapper\">\n\t\t\t<p>Un s\u00e9jour d\u2019affaire ou en famille, c\u2019est le lieu id\u00e9al pour se sentir comme chez vous.<\/p>\n\n\t\t<\/div>\n\t<\/div>\n<\/div><\/div><\/div><div class=\"wpb_column vc_column_container vc_col-sm-3\"><div class=\"vc_column-inner vc_custom_1467207298589\"><div class=\"wpb_wrapper\"><div style=\"background-color:;height: 20px\" class=\"nicdark_section\"><\/div>\n\t<div class=\"wpb_text_column wpb_content_element  nd_options_text_align_center_responsive\" >\n\t\t<div class=\"wpb_wrapper\">\n\t\t\t<p>Situ\u00e9 proche de <a href=\"https:\/\/fr.wikipedia.org\/wiki\/Paris\">Paris<\/a>, ce dernier est dot\u00e9 d\u2019une magnifique terrasse fleurie et bien ensoleill\u00e9e.<\/p>\n\n\t\t<\/div>\n\t<\/div>\n<\/div><\/div><\/div><\/div><div class=\"vc_row wpb_row vc_row-fluid vc_custom_1492510780167\"><div class=\"wpb_column vc_column_container vc_col-sm-4\"><div class=\"vc_column-inner\"><div class=\"wpb_wrapper\"><div style=\"background-color:;height: 10px\" class=\"nicdark_section\"><\/div>\n\n  <!--START team-->\n  <div class=\"nd_options_team_component_l5 nd_options_section nd_options_box_sizing_border_box\">    \n    <div class=\"nd_options_section nd_options_position_relative\">\n\n      <img decoding=\"async\" alt=\"\" class=\"nd_options_section\" src=\"https:\/\/hotelohsevresautrement.fr\/wp-content\/uploads\/2024\/04\/chambre-hotel-oh-sevres-autrement-a-propos-sevres.jpg\">\n\n      <div class=\"nd_options_bg_greydark_alpha_gradient_3 nd_options_position_absolute nd_options_left_0 nd_options_height_100_percentage nd_options_width_100_percentage nd_options_box_sizing_border_box\">\n        <div class=\"nd_options_position_absolute nd_options_bottom_30 nd_options_width_100_percentage nd_options_padding_botttom_0 nd_options_padding_50 nd_options_box_sizing_border_box nd_options_text_align_center\">\n          <h3 class=\"nd_options_color_white\">ROOMS<\/h3>\n          <div class=\"nd_options_section nd_options_height_10\"><\/div>\n          <h6 class=\"nd_options_color_white\"><strong>DORMIR COMME \u00c0 LA MAISON<\/strong><\/h6>\n        <\/div>\n      <\/div>\n\n    <\/div>\n  <\/div>\n  <!--END team-->\n<div style=\"background-color:;height: 10px\" class=\"nicdark_section\"><\/div>\n\t<div class=\"nd_options_section nd_options_text_align_center\">\n\t<a style=\"border: px solid;border-radius:px;letter-spacing:2px;line-height:11px;font-size:11px;background-color:#78635a;padding:15px 35px;margin:;color:#ffffff\" rel=\"\" href=\"https:\/\/hotelohsevresautrement.fr\/en\/restaurant-de-lhotel-oh-sevres-autrement\/\" class=\"nicdark_display_inline_block  nd_options_font_weight_bold nd_options_second_font\">RESTAURANT<\/a>\n\t<\/div>\n<\/div><\/div><\/div><div class=\"wpb_column vc_column_container vc_col-sm-4\"><div class=\"vc_column-inner\"><div class=\"wpb_wrapper\"><div style=\"background-color:;height: 10px\" class=\"nicdark_section\"><\/div>\n\n  <!--START team-->\n  <div class=\"nd_options_team_component_l5 nd_options_section nd_options_box_sizing_border_box\">    \n    <div class=\"nd_options_section nd_options_position_relative\">\n\n      <img decoding=\"async\" alt=\"\" class=\"nd_options_section\" src=\"https:\/\/hotelohsevresautrement.fr\/wp-content\/uploads\/2021\/10\/autour-de-l-hotel-oh-sevres-autrement-a-propos.png\">\n\n      <div class=\"nd_options_bg_greydark_alpha_gradient_3 nd_options_position_absolute nd_options_left_0 nd_options_height_100_percentage nd_options_width_100_percentage nd_options_box_sizing_border_box\">\n        <div class=\"nd_options_position_absolute nd_options_bottom_30 nd_options_width_100_percentage nd_options_padding_botttom_0 nd_options_padding_50 nd_options_box_sizing_border_box nd_options_text_align_center\">\n          <h3 class=\"nd_options_color_white\">AUTOUR DE L'H\u00d4TEL<\/h3>\n          <div class=\"nd_options_section nd_options_height_10\"><\/div>\n          <h6 class=\"nd_options_color_white\"><strong>VISITER<\/strong><\/h6>\n        <\/div>\n      <\/div>\n\n    <\/div>\n  <\/div>\n  <!--END team-->\n<div style=\"background-color:;height: 10px\" class=\"nicdark_section\"><\/div>\n\t<div class=\"nd_options_section nd_options_text_align_center\">\n\t<a style=\"border: px solid;border-radius:px;letter-spacing:2px;line-height:11px;font-size:11px;background-color:#78635a;padding:15px 35px;margin:;color:#ffffff\" rel=\"\" href=\"https:\/\/hotelohsevresautrement.fr\/en\/a-proximite-de-notre-hotel\/\" class=\"nicdark_display_inline_block  nd_options_font_weight_bold nd_options_second_font\">VISITER<\/a>\n\t<\/div>\n<\/div><\/div><\/div><div class=\"wpb_column vc_column_container vc_col-sm-4\"><div class=\"vc_column-inner\"><div class=\"wpb_wrapper\"><div style=\"background-color:;height: 10px\" class=\"nicdark_section\"><\/div>\n\n  <!--START team-->\n  <div class=\"nd_options_team_component_l5 nd_options_section nd_options_box_sizing_border_box\">    \n    <div class=\"nd_options_section nd_options_position_relative\">\n\n      <img decoding=\"async\" alt=\"\" class=\"nd_options_section\" src=\"https:\/\/hotelohsevresautrement.fr\/wp-content\/uploads\/2017\/09\/square3.jpg\">\n\n      <div class=\"nd_options_bg_greydark_alpha_gradient_3 nd_options_position_absolute nd_options_left_0 nd_options_height_100_percentage nd_options_width_100_percentage nd_options_box_sizing_border_box\">\n        <div class=\"nd_options_position_absolute nd_options_bottom_30 nd_options_width_100_percentage nd_options_padding_botttom_0 nd_options_padding_50 nd_options_box_sizing_border_box nd_options_text_align_center\">\n          <h3 class=\"nd_options_color_white\">TERRASSE<\/h3>\n          <div class=\"nd_options_section nd_options_height_10\"><\/div>\n          <h6 class=\"nd_options_color_white\"><strong>PROFITEZ DE NOTRE TERRASSE<\/strong><\/h6>\n        <\/div>\n      <\/div>\n\n    <\/div>\n  <\/div>\n  <!--END team-->\n<div style=\"background-color:;height: 10px\" class=\"nicdark_section\"><\/div><\/div><\/div><\/div><\/div><div data-vc-full-width=\"true\" data-vc-full-width-init=\"false\" data-vc-parallax=\"1.5\" data-vc-parallax-image=\"https:\/\/hotelohsevresautrement.fr\/wp-content\/uploads\/2017\/09\/parallax5.jpg\" class=\"vc_row wpb_row vc_row-fluid nd_options_vc_parallax_filter_2_2 vc_custom_1504708151425 vc_row-has-fill vc_general vc_parallax vc_parallax-content-moving\"><div class=\"wpb_column vc_column_container vc_col-sm-8\"><div class=\"vc_column-inner\"><div class=\"wpb_wrapper\"> <h2 style=\"color:#ffffff;padding:px;text-align:center;font-size:40px;line-height:px;letter-spacing: px;font-weight:normal\" class=\"nd_options_first_font\">Se sentir comme chez vous.<\/h2> <div style=\"background-color:;height: 70px\" class=\"nicdark_section\"><\/div><div class=\"vc_row wpb_row vc_inner vc_row-fluid\"><div class=\"wpb_column vc_column_container vc_col-sm-3\"><div class=\"vc_column-inner vc_custom_1469630269458\"><div class=\"wpb_wrapper\"><h1 style=\"text-align:center;color:#ffffff;font-size:50px\" class=\"nd_options_counter_component_l1 nd_options_font_weight_bolder nd_options_counter\" data-to=\"10\" data-speed=\"1000\">10<\/h1><div style=\"background-color:;height: 20px\" class=\"nicdark_section\"><\/div> <p style=\"color:#ffffff;padding:px;text-align:center;font-size:15px;line-height:30px;letter-spacing: 2px;font-weight:lighter\" class=\"nd_options_second_font\">ROOMS<\/p> <\/div><\/div><\/div><div class=\"wpb_column vc_column_container vc_col-sm-3\"><div class=\"vc_column-inner vc_custom_1469630276028\"><div class=\"wpb_wrapper\"><h1 style=\"text-align:center;color:#ffffff;font-size:50px\" class=\"nd_options_counter_component_l1 nd_options_font_weight_bolder nd_options_counter\" data-to=\"4300\" data-speed=\"1000\">4300<\/h1><div style=\"background-color:;height: 20px\" class=\"nicdark_section\"><\/div> <p style=\"color:#ffffff;padding:px;text-align:center;font-size:15px;line-height:30px;letter-spacing: 2px;font-weight:lighter\" class=\"nd_options_second_font\">CLIENTS SATISFAITS<\/p> <\/div><\/div><\/div><div class=\"wpb_column vc_column_container vc_col-sm-3\"><div class=\"vc_column-inner vc_custom_1469630283566\"><div class=\"wpb_wrapper\"><h1 style=\"text-align:center;color:#ffffff;font-size:50px\" class=\"nd_options_counter_component_l1 nd_options_font_weight_bolder nd_options_counter\" data-to=\"5\" data-speed=\"1000\">5<\/h1><div style=\"background-color:;height: 20px\" class=\"nicdark_section\"><\/div> <p style=\"color:#ffffff;padding:px;text-align:center;font-size:15px;line-height:30px;letter-spacing: 2px;font-weight:lighter\" class=\"nd_options_second_font\">EMPLOY\u00c9ES<\/p> <\/div><\/div><\/div><div class=\"wpb_column vc_column_container vc_col-sm-3\"><div class=\"vc_column-inner vc_custom_1469630289168\"><div class=\"wpb_wrapper\"><h1 style=\"text-align:center;color:#ffffff;font-size:50px\" class=\"nd_options_counter_component_l1 nd_options_font_weight_bolder nd_options_counter\" data-to=\"10\" data-speed=\"1000\">10<\/h1><div style=\"background-color:;height: 20px\" class=\"nicdark_section\"><\/div> <p style=\"color:#ffffff;padding:px;text-align:center;font-size:15px;line-height:30px;letter-spacing: 2px;font-weight:lighter\" class=\"nd_options_second_font\">SERVICES<\/p> <\/div><\/div><\/div><\/div><\/div><\/div><\/div><div class=\"wpb_column vc_column_container vc_col-sm-4\"><div class=\"vc_column-inner\"><div class=\"wpb_wrapper\"><\/div><\/div><\/div><\/div><div class=\"vc_row-full-width vc_clearfix\"><\/div><div class=\"vc_row wpb_row vc_row-fluid vc_custom_1492509935473\"><div class=\"nd_options_text_align_center wpb_column vc_column_container vc_col-sm-1\"><div class=\"vc_column-inner\"><div class=\"wpb_wrapper\"><\/div><\/div><\/div><div class=\"wpb_column vc_column_container vc_col-sm-5\"><div class=\"vc_column-inner\"><div class=\"wpb_wrapper\"><div style=\"background-color:;height: 25px\" class=\"nicdark_section\"><\/div>\n\n    <div class=\"nd_options_section nd_options_position_relative\">\n\n        <img decoding=\"async\" style=\"top:10px\" alt=\"\" class=\"nd_options_position_absolute nd_options_left_0\" width=\"50\" src=\"https:\/\/hotelohsevresautrement.fr\/wp-content\/uploads\/2021\/09\/icone-interdiction-de-fumer-oh-sevres-autrement-hotel.png\">\n\n        <div style=\"padding-left:70px\" class=\"nd_options_section nd_options_box_sizing_border_box\">\n            \n            <h3 class=\"\" style=\"margin:;color:;font-size:px;line-height:px\">Non fumeur<\/h3> \n            <p class=\"nd_options_second_font\" style=\"margin:0px 0px 15px 0px;color:#a3a3a3;font-size:14px;line-height:24px\">Pour la pr\u00e9servation des chambres et la sant\u00e9 de nos clients toutes nos chambres sont non fumeur.<\/p> \n            <a class=\"nd_options_second_font nd_options_display_inline_block\" style=\"font-size:11px;line-height:11px;border-radius:0px;border:1px solid #f1f1f1;background-color:#ffffff;padding:8px 12px;color:#a3a3a3\" rel=\"\" href=\"https:\/\/hotelohsevresautrement.fr\/en\/restaurant-de-lhotel-oh-sevres-autrement\/\">RESTAURANT<\/a>\n\n        <\/div>\n\n    <\/div>\n\n  <div style=\"background-color:;height: 50px\" class=\"nicdark_section\"><\/div>\n\n    <div class=\"nd_options_section nd_options_position_relative\">\n\n        <img decoding=\"async\" style=\"top:10px\" alt=\"\" class=\"nd_options_position_absolute nd_options_left_0\" width=\"50\" src=\"https:\/\/hotelohsevresautrement.fr\/wp-content\/uploads\/2017\/07\/icon-12-1.png\">\n\n        <div style=\"padding-left:70px\" class=\"nd_options_section nd_options_box_sizing_border_box\">\n            \n            <h3 class=\"\" style=\"margin:;color:;font-size:px;line-height:px\">Wifi<\/h3> \n            <p class=\"nd_options_second_font\" style=\"margin:0px 0px 15px 0px;color:#a3a3a3;font-size:14px;line-height:24px\">Nous mettons \u00e0 votre disposition le wifi gratuitement, afin de rester en contact avec votre famille, vos amis, vos proches.<\/p> \n            <a class=\"nd_options_second_font nd_options_display_inline_block\" style=\"font-size:11px;line-height:11px;border-radius:0px;border:1px solid #f1f1f1;background-color:#ffffff;padding:8px 12px;color:#a3a3a3\" rel=\"\" href=\"#\">WIFI GRATUIT<\/a>\n\n        <\/div>\n\n    <\/div>\n\n  <div style=\"background-color:;height: 25px\" class=\"nicdark_section\"><\/div><\/div><\/div><\/div><div class=\"wpb_column vc_column_container vc_col-sm-5\"><div class=\"vc_column-inner\"><div class=\"wpb_wrapper\"><div style=\"background-color:;height: 25px\" class=\"nicdark_section\"><\/div>\n\n    <div class=\"nd_options_section nd_options_position_relative\">\n\n        <img decoding=\"async\" style=\"top:10px\" alt=\"\" class=\"nd_options_position_absolute nd_options_left_0\" width=\"50\" src=\"https:\/\/hotelohsevresautrement.fr\/wp-content\/uploads\/2021\/10\/icone-entierement-meuble-oh-sevres-autrement-hotel.png\">\n\n        <div style=\"padding-left:70px\" class=\"nd_options_section nd_options_box_sizing_border_box\">\n            \n            <h3 class=\"\" style=\"margin:;color:;font-size:px;line-height:px\">Espace d\u00e9tente<\/h3> \n            <p class=\"nd_options_second_font\" style=\"margin:0px 0px 15px 0px;color:#a3a3a3;font-size:14px;line-height:24px\">Nos appartements sont enti\u00e8rement meubl\u00e9s et dot\u00e9s d\u2019un espace bureau, d'une t\u00e9l\u00e9vision, afin de vous sentir comme chez vous.<\/p> \n            <a class=\"nd_options_second_font nd_options_display_inline_block\" style=\"font-size:11px;line-height:11px;border-radius:0px;border:1px solid #f1f1f1;background-color:#ffffff;padding:8px 12px;color:#a3a3a3\" rel=\"\" href=\"#\">ENTI\u00c8REMENT MEUBL\u00c9S<\/a>\n\n        <\/div>\n\n    <\/div>\n\n  <div style=\"background-color:;height: 50px\" class=\"nicdark_section\"><\/div>\n\n    <div class=\"nd_options_section nd_options_position_relative\">\n\n        <img decoding=\"async\" style=\"top:10px\" alt=\"\" class=\"nd_options_position_absolute nd_options_left_0\" width=\"50\" src=\"https:\/\/hotelohsevresautrement.fr\/wp-content\/uploads\/2021\/10\/icone-cuisine-oh-sevres-autrement-hotel.png\">\n\n        <div style=\"padding-left:70px\" class=\"nd_options_section nd_options_box_sizing_border_box\">\n            \n            <h3 class=\"\" style=\"margin:;color:;font-size:px;line-height:px\">Cuisine \u00e9quip\u00e9e<\/h3> \n            <p class=\"nd_options_second_font\" style=\"margin:0px 0px 15px 0px;color:#a3a3a3;font-size:14px;line-height:24px\">Nos appartements ont une cuisine \u00e9quip\u00e9e de micro-onde, bouilloire, cafeti\u00e8re et r\u00e9frig\u00e9rateur.<\/p> \n            <a class=\"nd_options_second_font nd_options_display_inline_block\" style=\"font-size:11px;line-height:11px;border-radius:0px;border:1px solid #f1f1f1;background-color:#ffffff;padding:8px 12px;color:#a3a3a3\" rel=\"\" href=\"#\">CUISINE \u00c9QUIP\u00c9E<\/a>\n\n        <\/div>\n\n    <\/div>\n\n  <div style=\"background-color:;height: 25px\" class=\"nicdark_section\"><\/div><\/div><\/div><\/div><div class=\"wpb_column vc_column_container vc_col-sm-1\"><div class=\"vc_column-inner\"><div class=\"wpb_wrapper\"><\/div><\/div><\/div><\/div><div class=\"vc_row wpb_row vc_row-fluid vc_custom_1492511016596\"><div class=\"nd_options_text_align_center wpb_column vc_column_container vc_col-sm-12\"><div class=\"vc_column-inner\"><div class=\"wpb_wrapper\">\n\t<div class=\"nd_options_section nd_options_text_align_center\">\n\t<a style=\"border: px solid;border-radius:px;letter-spacing:2px;line-height:11px;font-size:11px;background-color:#78635a;padding:15px 35px;margin:;color:#ffffff\" rel=\"\" href=\"https:\/\/hotelohsevresautrement.fr\/en\/services-de-l-hotel-oh-sevres-autrement\/\" class=\"nicdark_display_inline_block  nd_options_font_weight_bold nd_options_second_font\">VOIR TOUT NOS SERVICES<\/a>\n\t<\/div>\n<\/div><\/div><\/div><\/div>","protected":false},"excerpt":{"rendered":"L\u2019H\u00f4tel du Centre situ\u00e9 \u00e0 S\u00e8vres vous accueille dans une ambiance conviviale et familiale, notre concept consiste \u00e0 se sentir \u00ab Comme \u00e0 la maison ! Nos appartements et chambres sont tr\u00e8s spacieuses, et \u00e9quip\u00e9es d'un espace d\u00e9tente, offrent un cadre agr\u00e9able et confortable. Un s\u00e9jour d\u2019affaire ou en famille, c\u2019est le lieu id\u00e9al pour [...]","protected":false},"author":1,"featured_media":0,"parent":0,"menu_order":0,"comment_status":"closed","ping_status":"closed","template":"","meta":{"_uag_custom_page_level_css":"","footnotes":""},"class_list":["post-1679","page","type-page","status-publish","hentry"],"yoast_head":"<!-- This site is optimized with the Yoast SEO plugin v27.5 - https:\/\/yoast.com\/product\/yoast-seo-wordpress\/ -->\n<title>\u00c0 propos de l&#039;h\u00f4tel Oh S\u00e8vres Autrement situ\u00e9 \u00e0 S\u00e8vres , r\u00e9gion parisienne<\/title>\n<meta name=\"description\" content=\"L&#039;h\u00f4tel Oh S\u00e8vres Autrement situ\u00e9 \u00e0 S\u00e8vres dans la r\u00e9gion parisienne, est le lieu id\u00e9al pour visiter la ville de Paris. H\u00f4tel appartement.\" \/>\n<meta name=\"robots\" content=\"index, follow, max-snippet:-1, max-image-preview:large, max-video-preview:-1\" \/>\n<link rel=\"canonical\" href=\"https:\/\/hotelohsevresautrement.fr\/en\/a-propos-de-lhotel-oh-sevres-autrement\/\" \/>\n<meta property=\"og:locale\" content=\"en_GB\" \/>\n<meta property=\"og:type\" content=\"article\" \/>\n<meta property=\"og:title\" content=\"\u00c0 propos de l&#039;h\u00f4tel Oh S\u00e8vres Autrement situ\u00e9 \u00e0 S\u00e8vres , r\u00e9gion parisienne\" \/>\n<meta property=\"og:description\" content=\"L&#039;h\u00f4tel Oh S\u00e8vres Autrement situ\u00e9 \u00e0 S\u00e8vres dans la r\u00e9gion parisienne, est le lieu id\u00e9al pour visiter la ville de Paris. H\u00f4tel appartement.\" \/>\n<meta property=\"og:url\" content=\"https:\/\/hotelohsevresautrement.fr\/en\/a-propos-de-lhotel-oh-sevres-autrement\/\" \/>\n<meta property=\"og:site_name\" content=\"H\u00f4tel Oh S\u00e8vres Autrement\" \/>\n<meta property=\"article:modified_time\" content=\"2024-04-12T16:29:30+00:00\" \/>\n<meta name=\"twitter:card\" content=\"summary_large_image\" \/>\n<meta name=\"twitter:label1\" content=\"Estimated reading time\" \/>\n\t<meta name=\"twitter:data1\" content=\"3 minutes\" \/>\n<script type=\"application\/ld+json\" class=\"yoast-schema-graph\">{\"@context\":\"https:\\\/\\\/schema.org\",\"@graph\":[{\"@type\":\"WebPage\",\"@id\":\"https:\\\/\\\/hotelohsevresautrement.fr\\\/a-propos-de-lhotel-oh-sevres-autrement\\\/\",\"url\":\"https:\\\/\\\/hotelohsevresautrement.fr\\\/a-propos-de-lhotel-oh-sevres-autrement\\\/\",\"name\":\"\u00c0 propos de l'h\u00f4tel Oh S\u00e8vres Autrement situ\u00e9 \u00e0 S\u00e8vres , r\u00e9gion parisienne\",\"isPartOf\":{\"@id\":\"https:\\\/\\\/hotelohsevresautrement.fr\\\/#website\"},\"datePublished\":\"2021-09-30T17:07:05+00:00\",\"dateModified\":\"2024-04-12T16:29:30+00:00\",\"description\":\"L'h\u00f4tel Oh S\u00e8vres Autrement situ\u00e9 \u00e0 S\u00e8vres dans la r\u00e9gion parisienne, est le lieu id\u00e9al pour visiter la ville de Paris. H\u00f4tel appartement.\",\"breadcrumb\":{\"@id\":\"https:\\\/\\\/hotelohsevresautrement.fr\\\/a-propos-de-lhotel-oh-sevres-autrement\\\/#breadcrumb\"},\"inLanguage\":\"en-GB\",\"potentialAction\":[{\"@type\":\"ReadAction\",\"target\":[\"https:\\\/\\\/hotelohsevresautrement.fr\\\/a-propos-de-lhotel-oh-sevres-autrement\\\/\"]}]},{\"@type\":\"BreadcrumbList\",\"@id\":\"https:\\\/\\\/hotelohsevresautrement.fr\\\/a-propos-de-lhotel-oh-sevres-autrement\\\/#breadcrumb\",\"itemListElement\":[{\"@type\":\"ListItem\",\"position\":1,\"name\":\"Accueil\",\"item\":\"https:\\\/\\\/hotelohsevresautrement.fr\\\/\"},{\"@type\":\"ListItem\",\"position\":2,\"name\":\"\u00c0 propos de l&rsquo;h\u00f4tel Oh S\u00e8vres Autrement situ\u00e9 \u00e0 S\u00e8vres\"}]},{\"@type\":\"WebSite\",\"@id\":\"https:\\\/\\\/hotelohsevresautrement.fr\\\/#website\",\"url\":\"https:\\\/\\\/hotelohsevresautrement.fr\\\/\",\"name\":\"H\u00f4tel Oh S\u00e8vres Autrement\",\"description\":\"H\u00f4tel situ\u00e9 \u00e0 S\u00e8vres dans les Hauts de Seine\",\"potentialAction\":[{\"@type\":\"SearchAction\",\"target\":{\"@type\":\"EntryPoint\",\"urlTemplate\":\"https:\\\/\\\/hotelohsevresautrement.fr\\\/?s={search_term_string}\"},\"query-input\":{\"@type\":\"PropertyValueSpecification\",\"valueRequired\":true,\"valueName\":\"search_term_string\"}}],\"inLanguage\":\"en-GB\"}]}<\/script>\n<!-- \/ Yoast SEO plugin. -->","yoast_head_json":{"title":"\u00c0 propos de l'h\u00f4tel Oh S\u00e8vres Autrement situ\u00e9 \u00e0 S\u00e8vres , r\u00e9gion parisienne","description":"L'h\u00f4tel Oh S\u00e8vres Autrement situ\u00e9 \u00e0 S\u00e8vres dans la r\u00e9gion parisienne, est le lieu id\u00e9al pour visiter la ville de Paris. H\u00f4tel appartement.","robots":{"index":"index","follow":"follow","max-snippet":"max-snippet:-1","max-image-preview":"max-image-preview:large","max-video-preview":"max-video-preview:-1"},"canonical":"https:\/\/hotelohsevresautrement.fr\/en\/a-propos-de-lhotel-oh-sevres-autrement\/","og_locale":"en_GB","og_type":"article","og_title":"\u00c0 propos de l'h\u00f4tel Oh S\u00e8vres Autrement situ\u00e9 \u00e0 S\u00e8vres , r\u00e9gion parisienne","og_description":"L'h\u00f4tel Oh S\u00e8vres Autrement situ\u00e9 \u00e0 S\u00e8vres dans la r\u00e9gion parisienne, est le lieu id\u00e9al pour visiter la ville de Paris. H\u00f4tel appartement.","og_url":"https:\/\/hotelohsevresautrement.fr\/en\/a-propos-de-lhotel-oh-sevres-autrement\/","og_site_name":"H\u00f4tel Oh S\u00e8vres Autrement","article_modified_time":"2024-04-12T16:29:30+00:00","twitter_card":"summary_large_image","twitter_misc":{"Estimated reading time":"3 minutes"},"schema":{"@context":"https:\/\/schema.org","@graph":[{"@type":"WebPage","@id":"https:\/\/hotelohsevresautrement.fr\/a-propos-de-lhotel-oh-sevres-autrement\/","url":"https:\/\/hotelohsevresautrement.fr\/a-propos-de-lhotel-oh-sevres-autrement\/","name":"\u00c0 propos de l'h\u00f4tel Oh S\u00e8vres Autrement situ\u00e9 \u00e0 S\u00e8vres , r\u00e9gion parisienne","isPartOf":{"@id":"https:\/\/hotelohsevresautrement.fr\/#website"},"datePublished":"2021-09-30T17:07:05+00:00","dateModified":"2024-04-12T16:29:30+00:00","description":"L'h\u00f4tel Oh S\u00e8vres Autrement situ\u00e9 \u00e0 S\u00e8vres dans la r\u00e9gion parisienne, est le lieu id\u00e9al pour visiter la ville de Paris. H\u00f4tel appartement.","breadcrumb":{"@id":"https:\/\/hotelohsevresautrement.fr\/a-propos-de-lhotel-oh-sevres-autrement\/#breadcrumb"},"inLanguage":"en-GB","potentialAction":[{"@type":"ReadAction","target":["https:\/\/hotelohsevresautrement.fr\/a-propos-de-lhotel-oh-sevres-autrement\/"]}]},{"@type":"BreadcrumbList","@id":"https:\/\/hotelohsevresautrement.fr\/a-propos-de-lhotel-oh-sevres-autrement\/#breadcrumb","itemListElement":[{"@type":"ListItem","position":1,"name":"Accueil","item":"https:\/\/hotelohsevresautrement.fr\/"},{"@type":"ListItem","position":2,"name":"\u00c0 propos de l&rsquo;h\u00f4tel Oh S\u00e8vres Autrement situ\u00e9 \u00e0 S\u00e8vres"}]},{"@type":"WebSite","@id":"https:\/\/hotelohsevresautrement.fr\/#website","url":"https:\/\/hotelohsevresautrement.fr\/","name":"H\u00f4tel Oh S\u00e8vres Autrement","description":"H\u00f4tel situ\u00e9 \u00e0 S\u00e8vres dans les Hauts de Seine","potentialAction":[{"@type":"SearchAction","target":{"@type":"EntryPoint","urlTemplate":"https:\/\/hotelohsevresautrement.fr\/?s={search_term_string}"},"query-input":{"@type":"PropertyValueSpecification","valueRequired":true,"valueName":"search_term_string"}}],"inLanguage":"en-GB"}]}},"uagb_featured_image_src":{"full":false,"thumbnail":false,"medium":false,"medium_large":false,"large":false,"nd_booking_image_size_1110_611":false,"nd_booking_image_size_1110_570":false,"nd_booking_image_size_720_720":false,"nd_options_location_image_376_308":false,"1536x1536":false,"2048x2048":false,"trp-custom-language-flag":false,"mailpoet_newsletter_max":false},"uagb_author_info":{"display_name":"OhSevreautrement-Admin","author_link":"https:\/\/hotelohsevresautrement.fr\/en\/author\/ohsevreautrement-admin\/"},"uagb_comment_info":0,"uagb_excerpt":null,"jetpack_sharing_enabled":true,"_links":{"self":[{"href":"https:\/\/hotelohsevresautrement.fr\/en\/wp-json\/wp\/v2\/pages\/1679","targetHints":{"allow":["GET"]}}],"collection":[{"href":"https:\/\/hotelohsevresautrement.fr\/en\/wp-json\/wp\/v2\/pages"}],"about":[{"href":"https:\/\/hotelohsevresautrement.fr\/en\/wp-json\/wp\/v2\/types\/page"}],"author":[{"embeddable":true,"href":"https:\/\/hotelohsevresautrement.fr\/en\/wp-json\/wp\/v2\/users\/1"}],"replies":[{"embeddable":true,"href":"https:\/\/hotelohsevresautrement.fr\/en\/wp-json\/wp\/v2\/comments?post=1679"}],"version-history":[{"count":25,"href":"https:\/\/hotelohsevresautrement.fr\/en\/wp-json\/wp\/v2\/pages\/1679\/revisions"}],"predecessor-version":[{"id":2459,"href":"https:\/\/hotelohsevresautrement.fr\/en\/wp-json\/wp\/v2\/pages\/1679\/revisions\/2459"}],"wp:attachment":[{"href":"https:\/\/hotelohsevresautrement.fr\/en\/wp-json\/wp\/v2\/media?parent=1679"}],"curies":[{"name":"wp","href":"https:\/\/api.w.org\/{rel}","templated":true}]}}