{"id":1878,"date":"2021-10-15T12:16:47","date_gmt":"2021-10-15T12:16:47","guid":{"rendered":"https:\/\/hotelohsevresautrement.fr\/?page_id=1878"},"modified":"2021-10-15T12:20:06","modified_gmt":"2021-10-15T12:20:06","slug":"mon-compte","status":"publish","type":"page","link":"https:\/\/hotelohsevresautrement.fr\/en\/mon-compte\/","title":{"rendered":"Mon compte"},"content":{"rendered":"<div class=\"vc_row wpb_row vc_row-fluid vc_custom_1502719351650\"><div class=\"wpb_column vc_column_container vc_col-sm-12\"><div class=\"vc_column-inner vc_custom_1502719377143\"><div class=\"wpb_wrapper\">\n\t<div class=\"wpb_text_column wpb_content_element\" >\n\t\t<div class=\"wpb_wrapper\">\n\t\t\t\n\n            <div class=\"nd_booking_section\">\n              <div class=\"nd_booking_width_50_percentage nd_booking_float_left nd_booking_box_sizing_border_box nd_booking_padding_15 nd_booking_width_100_percentage_responsive\">\n                \n                <div class=\"nd_booking_section  nd_booking_border_1_solid_grey nd_booking_padding_20 nd_booking_box_sizing_border_box\">\n                    \n                    <h6 class=\"nd_options_second_font nd_booking_bg_red nd_booking_padding_5_10 nd_booking_color_white_important nd_booking_display_inline_block\">ALREADY A MEMBER<\/h6>\n                    <div class=\"nd_booking_section nd_booking_height_10\"><\/div>\n                    <h3>Log In<\/h3>\n\n                    <form name=\"nd_booking_shortcode_account_login_form\" id=\"nd_booking_shortcode_account_login_form\" action=\"https:\/\/hotelohsevresautrement.fr\/wp-login.php\" method=\"post\"><p class=\"login-username\">\n\t\t\t\t<label for=\"nd_booking_login_form_user\">Username<\/label>\n\t\t\t\t<input type=\"text\" name=\"log\" id=\"nd_booking_login_form_user\" autocomplete=\"username\" class=\"input\" value=\"\" size=\"20\" \/>\n\t\t\t<\/p><p class=\"login-password\">\n\t\t\t\t<label for=\"nd_booking_login_form_password\">Password<\/label>\n\t\t\t\t<input type=\"password\" name=\"pwd\" id=\"nd_booking_login_form_password\" autocomplete=\"current-password\" spellcheck=\"false\" class=\"input\" value=\"\" size=\"20\" \/>\n\t\t\t<\/p><p class=\"login-remember\"><label><input name=\"rememberme\" type=\"checkbox\" id=\"nd_booking_login_form_remember\" value=\"forever\" \/> Remember Me<\/label><\/p><p class=\"login-submit\">\n\t\t\t\t<input type=\"submit\" name=\"wp-submit\" id=\"nd_booking_login_form_submit\" class=\"button button-primary\" value=\"LOG IN\" \/>\n\t\t\t\t<input type=\"hidden\" name=\"redirect_to\" value=\"https:\/\/hotelohsevresautrement.fr\/en\/a-propos-de-lhotel-oh-sevres-autrement\/\" \/>\n\t\t\t<\/p><\/form> \n                <\/div>\n\n                \n              <\/div>\n\n        \n\n            <div class=\"nd_booking_width_50_percentage nd_booking_float_left nd_booking_box_sizing_border_box nd_booking_padding_15 nd_booking_width_100_percentage_responsive\">\n\n                <div class=\"nd_booking_section nd_booking_bg_white  nd_booking_border_1_solid_grey nd_booking_padding_20 nd_booking_box_sizing_border_box\">\n                \n                    <h6 class=\"nd_options_second_font nd_booking_bg_red nd_booking_padding_5_10  nd_booking_color_white_important nd_booking_display_inline_block\">I DO NOT HAVE AN ACCOUNT<\/h6>\n                    <div class=\"nd_booking_section nd_booking_height_10\"><\/div>\n                    <h3>Register<\/h3>\n\n                    \n    <form action=\"\/en\/wp-json\/wp\/v2\/pages\/1878\" method=\"post\" data-trp-original-action=\"\/en\/wp-json\/wp\/v2\/pages\/1878\">\n    \n\n    <p>\n      <label class=\"nd_booking_section nd_booking_margin_top_20\">Username *<\/label>\n      <input type=\"text\" name=\"nd_booking_username\" class=\"nd_booking_section\" value=\"\">\n    <\/p>\n    <p>\n      <label class=\"nd_booking_section nd_booking_margin_top_20\">Password *<\/label>\n      <input type=\"password\" name=\"nd_booking_password\" class=\"nd_booking_section\" value=\"\">\n    <\/p>\n    <p>\n      <label class=\"nd_booking_section nd_booking_margin_top_20\">Email *<\/label>\n      <input type=\"text\" name=\"nd_booking_email\" class=\"nd_booking_section\" value=\"\">\n    <\/p>\n    <p>\n      <label class=\"nd_booking_section nd_booking_margin_top_20\">Website<\/label>\n      <input type=\"text\" name=\"nd_booking_website\" class=\"nd_booking_section\" value=\"\">\n    <\/p>\n    <p>\n      <label class=\"nd_booking_section nd_booking_margin_top_20\">First Name<\/label>\n      <input type=\"text\" name=\"nd_booking_first_name\" class=\"nd_booking_section\" value=\"\">\n    <\/p>\n    <p>\n      <label class=\"nd_booking_section nd_booking_margin_top_20\">Last Name<\/label>\n      <input type=\"text\" name=\"nd_booking_last_name\" class=\"nd_booking_section\" value=\"\">\n    <\/p>\n    <p>\n      <label class=\"nd_booking_section nd_booking_margin_top_20\">Nickname<\/label>\n      <input type=\"text\" name=\"nd_booking_nickname\" class=\"nd_booking_section\" value=\"\">\n    <\/p>\n    <p>\n      <label class=\"nd_booking_section nd_booking_margin_top_20\">About \/ Bio<\/label>\n      <textarea class=\"nd_booking_section\" name=\"nd_booking_bio\"><\/textarea>\n    <\/p>\n    <input id=\"nd_booking_registration_form_submit\" class=\"nd_booking_section nd_booking_margin_top_20\" type=\"submit\" name=\"submit\" value=\"REGISTER\" \/>\n    <input type=\"hidden\" name=\"trp-form-language\" value=\"en\"\/><\/form>\n    \n\n                <\/div>\n                \n              <\/div><\/div>\n\n\t\t<\/div>\n\t<\/div>\n<\/div><\/div><\/div><\/div>","protected":false},"excerpt":{"rendered":"ALREADY A MEMBER Log In Username Password Remember Me I DO NOT HAVE AN ACCOUNT Register Username * Password * Email * Website First Name Last Name Nickname About \/ Bio","protected":false},"author":1,"featured_media":0,"parent":0,"menu_order":0,"comment_status":"closed","ping_status":"closed","template":"","meta":{"_uag_custom_page_level_css":"","footnotes":""},"class_list":["post-1878","page","type-page","status-publish","hentry"],"yoast_head":"<!-- This site is optimized with the Yoast SEO plugin v27.5 - https:\/\/yoast.com\/product\/yoast-seo-wordpress\/ -->\n<title>Mon compte - H\u00f4tel Oh S\u00e8vres Autrement<\/title>\n<meta name=\"robots\" content=\"index, follow, max-snippet:-1, max-image-preview:large, max-video-preview:-1\" \/>\n<link rel=\"canonical\" href=\"https:\/\/hotelohsevresautrement.fr\/en\/mon-compte\/\" \/>\n<meta property=\"og:locale\" content=\"en_GB\" \/>\n<meta property=\"og:type\" content=\"article\" \/>\n<meta property=\"og:title\" content=\"Mon compte - H\u00f4tel Oh S\u00e8vres Autrement\" \/>\n<meta property=\"og:url\" content=\"https:\/\/hotelohsevresautrement.fr\/en\/mon-compte\/\" \/>\n<meta property=\"og:site_name\" content=\"H\u00f4tel Oh S\u00e8vres Autrement\" \/>\n<meta property=\"article:modified_time\" content=\"2021-10-15T12:20:06+00:00\" \/>\n<meta name=\"twitter:card\" content=\"summary_large_image\" \/>\n<script type=\"application\/ld+json\" class=\"yoast-schema-graph\">{\"@context\":\"https:\\\/\\\/schema.org\",\"@graph\":[{\"@type\":\"WebPage\",\"@id\":\"https:\\\/\\\/hotelohsevresautrement.fr\\\/mon-compte\\\/\",\"url\":\"https:\\\/\\\/hotelohsevresautrement.fr\\\/mon-compte\\\/\",\"name\":\"Mon compte - H\u00f4tel Oh S\u00e8vres Autrement\",\"isPartOf\":{\"@id\":\"https:\\\/\\\/hotelohsevresautrement.fr\\\/#website\"},\"datePublished\":\"2021-10-15T12:16:47+00:00\",\"dateModified\":\"2021-10-15T12:20:06+00:00\",\"breadcrumb\":{\"@id\":\"https:\\\/\\\/hotelohsevresautrement.fr\\\/mon-compte\\\/#breadcrumb\"},\"inLanguage\":\"en-GB\",\"potentialAction\":[{\"@type\":\"ReadAction\",\"target\":[\"https:\\\/\\\/hotelohsevresautrement.fr\\\/mon-compte\\\/\"]}]},{\"@type\":\"BreadcrumbList\",\"@id\":\"https:\\\/\\\/hotelohsevresautrement.fr\\\/mon-compte\\\/#breadcrumb\",\"itemListElement\":[{\"@type\":\"ListItem\",\"position\":1,\"name\":\"Accueil\",\"item\":\"https:\\\/\\\/hotelohsevresautrement.fr\\\/\"},{\"@type\":\"ListItem\",\"position\":2,\"name\":\"Mon compte\"}]},{\"@type\":\"WebSite\",\"@id\":\"https:\\\/\\\/hotelohsevresautrement.fr\\\/#website\",\"url\":\"https:\\\/\\\/hotelohsevresautrement.fr\\\/\",\"name\":\"H\u00f4tel Oh S\u00e8vres Autrement\",\"description\":\"H\u00f4tel situ\u00e9 \u00e0 S\u00e8vres dans les Hauts de Seine\",\"potentialAction\":[{\"@type\":\"SearchAction\",\"target\":{\"@type\":\"EntryPoint\",\"urlTemplate\":\"https:\\\/\\\/hotelohsevresautrement.fr\\\/?s={search_term_string}\"},\"query-input\":{\"@type\":\"PropertyValueSpecification\",\"valueRequired\":true,\"valueName\":\"search_term_string\"}}],\"inLanguage\":\"en-GB\"}]}<\/script>\n<!-- \/ Yoast SEO plugin. -->","yoast_head_json":{"title":"Mon compte - H\u00f4tel Oh S\u00e8vres Autrement","robots":{"index":"index","follow":"follow","max-snippet":"max-snippet:-1","max-image-preview":"max-image-preview:large","max-video-preview":"max-video-preview:-1"},"canonical":"https:\/\/hotelohsevresautrement.fr\/en\/mon-compte\/","og_locale":"en_GB","og_type":"article","og_title":"Mon compte - H\u00f4tel Oh S\u00e8vres Autrement","og_url":"https:\/\/hotelohsevresautrement.fr\/en\/mon-compte\/","og_site_name":"H\u00f4tel Oh S\u00e8vres Autrement","article_modified_time":"2021-10-15T12:20:06+00:00","twitter_card":"summary_large_image","schema":{"@context":"https:\/\/schema.org","@graph":[{"@type":"WebPage","@id":"https:\/\/hotelohsevresautrement.fr\/mon-compte\/","url":"https:\/\/hotelohsevresautrement.fr\/mon-compte\/","name":"Mon compte - H\u00f4tel Oh S\u00e8vres Autrement","isPartOf":{"@id":"https:\/\/hotelohsevresautrement.fr\/#website"},"datePublished":"2021-10-15T12:16:47+00:00","dateModified":"2021-10-15T12:20:06+00:00","breadcrumb":{"@id":"https:\/\/hotelohsevresautrement.fr\/mon-compte\/#breadcrumb"},"inLanguage":"en-GB","potentialAction":[{"@type":"ReadAction","target":["https:\/\/hotelohsevresautrement.fr\/mon-compte\/"]}]},{"@type":"BreadcrumbList","@id":"https:\/\/hotelohsevresautrement.fr\/mon-compte\/#breadcrumb","itemListElement":[{"@type":"ListItem","position":1,"name":"Accueil","item":"https:\/\/hotelohsevresautrement.fr\/"},{"@type":"ListItem","position":2,"name":"Mon compte"}]},{"@type":"WebSite","@id":"https:\/\/hotelohsevresautrement.fr\/#website","url":"https:\/\/hotelohsevresautrement.fr\/","name":"H\u00f4tel Oh S\u00e8vres Autrement","description":"H\u00f4tel situ\u00e9 \u00e0 S\u00e8vres dans les Hauts de Seine","potentialAction":[{"@type":"SearchAction","target":{"@type":"EntryPoint","urlTemplate":"https:\/\/hotelohsevresautrement.fr\/?s={search_term_string}"},"query-input":{"@type":"PropertyValueSpecification","valueRequired":true,"valueName":"search_term_string"}}],"inLanguage":"en-GB"}]}},"uagb_featured_image_src":{"full":false,"thumbnail":false,"medium":false,"medium_large":false,"large":false,"nd_booking_image_size_1110_611":false,"nd_booking_image_size_1110_570":false,"nd_booking_image_size_720_720":false,"nd_options_location_image_376_308":false,"1536x1536":false,"2048x2048":false,"trp-custom-language-flag":false,"mailpoet_newsletter_max":false},"uagb_author_info":{"display_name":"OhSevreautrement-Admin","author_link":"https:\/\/hotelohsevresautrement.fr\/en\/author\/ohsevreautrement-admin\/"},"uagb_comment_info":0,"uagb_excerpt":null,"jetpack_sharing_enabled":true,"_links":{"self":[{"href":"https:\/\/hotelohsevresautrement.fr\/en\/wp-json\/wp\/v2\/pages\/1878","targetHints":{"allow":["GET"]}}],"collection":[{"href":"https:\/\/hotelohsevresautrement.fr\/en\/wp-json\/wp\/v2\/pages"}],"about":[{"href":"https:\/\/hotelohsevresautrement.fr\/en\/wp-json\/wp\/v2\/types\/page"}],"author":[{"embeddable":true,"href":"https:\/\/hotelohsevresautrement.fr\/en\/wp-json\/wp\/v2\/users\/1"}],"replies":[{"embeddable":true,"href":"https:\/\/hotelohsevresautrement.fr\/en\/wp-json\/wp\/v2\/comments?post=1878"}],"version-history":[{"count":2,"href":"https:\/\/hotelohsevresautrement.fr\/en\/wp-json\/wp\/v2\/pages\/1878\/revisions"}],"predecessor-version":[{"id":1880,"href":"https:\/\/hotelohsevresautrement.fr\/en\/wp-json\/wp\/v2\/pages\/1878\/revisions\/1880"}],"wp:attachment":[{"href":"https:\/\/hotelohsevresautrement.fr\/en\/wp-json\/wp\/v2\/media?parent=1878"}],"curies":[{"name":"wp","href":"https:\/\/api.w.org\/{rel}","templated":true}]}}