{"id":2284,"date":"2022-03-09T13:03:29","date_gmt":"2022-03-09T13:03:29","guid":{"rendered":"https:\/\/hotelohsevresautrement.fr\/commander\/"},"modified":"2022-03-09T13:03:29","modified_gmt":"2022-03-09T13:03:29","slug":"commander","status":"publish","type":"page","link":"https:\/\/hotelohsevresautrement.fr\/en\/commander\/","title":{"rendered":"Validation de la commande"},"content":{"rendered":"<p>[woocommerce_checkout]<\/p>","protected":false},"excerpt":{"rendered":"[woocommerce_checkout]","protected":false},"author":1,"featured_media":0,"parent":0,"menu_order":0,"comment_status":"closed","ping_status":"closed","template":"","meta":{"_uag_custom_page_level_css":"","footnotes":""},"class_list":["post-2284","page","type-page","status-publish","hentry"],"yoast_head":"<!-- This site is optimized with the Yoast SEO plugin v27.3 - https:\/\/yoast.com\/product\/yoast-seo-wordpress\/ -->\n<title>Validation de la commande - H\u00f4tel Oh S\u00e8vres Autrement<\/title>\n<meta name=\"robots\" content=\"index, follow, max-snippet:-1, max-image-preview:large, max-video-preview:-1\" \/>\n<link rel=\"canonical\" href=\"https:\/\/hotelohsevresautrement.fr\/en\/commander\/\" \/>\n<meta property=\"og:locale\" content=\"en_GB\" \/>\n<meta property=\"og:type\" content=\"article\" \/>\n<meta property=\"og:title\" content=\"Validation de la commande - H\u00f4tel Oh S\u00e8vres Autrement\" \/>\n<meta property=\"og:url\" content=\"https:\/\/hotelohsevresautrement.fr\/en\/commander\/\" \/>\n<meta property=\"og:site_name\" content=\"H\u00f4tel Oh S\u00e8vres Autrement\" \/>\n<meta name=\"twitter:card\" content=\"summary_large_image\" \/>\n<script type=\"application\/ld+json\" class=\"yoast-schema-graph\">{\"@context\":\"https:\\\/\\\/schema.org\",\"@graph\":[{\"@type\":\"WebPage\",\"@id\":\"https:\\\/\\\/hotelohsevresautrement.fr\\\/commander\\\/\",\"url\":\"https:\\\/\\\/hotelohsevresautrement.fr\\\/commander\\\/\",\"name\":\"Validation de la commande - H\u00f4tel Oh S\u00e8vres Autrement\",\"isPartOf\":{\"@id\":\"https:\\\/\\\/hotelohsevresautrement.fr\\\/#website\"},\"datePublished\":\"2022-03-09T13:03:29+00:00\",\"breadcrumb\":{\"@id\":\"https:\\\/\\\/hotelohsevresautrement.fr\\\/commander\\\/#breadcrumb\"},\"inLanguage\":\"en-GB\",\"potentialAction\":[{\"@type\":\"ReadAction\",\"target\":[\"https:\\\/\\\/hotelohsevresautrement.fr\\\/commander\\\/\"]}]},{\"@type\":\"BreadcrumbList\",\"@id\":\"https:\\\/\\\/hotelohsevresautrement.fr\\\/commander\\\/#breadcrumb\",\"itemListElement\":[{\"@type\":\"ListItem\",\"position\":1,\"name\":\"Accueil\",\"item\":\"https:\\\/\\\/hotelohsevresautrement.fr\\\/\"},{\"@type\":\"ListItem\",\"position\":2,\"name\":\"Validation de la commande\"}]},{\"@type\":\"WebSite\",\"@id\":\"https:\\\/\\\/hotelohsevresautrement.fr\\\/#website\",\"url\":\"https:\\\/\\\/hotelohsevresautrement.fr\\\/\",\"name\":\"H\u00f4tel Oh S\u00e8vres Autrement\",\"description\":\"H\u00f4tel situ\u00e9 \u00e0 S\u00e8vres dans les Hauts de Seine\",\"potentialAction\":[{\"@type\":\"SearchAction\",\"target\":{\"@type\":\"EntryPoint\",\"urlTemplate\":\"https:\\\/\\\/hotelohsevresautrement.fr\\\/?s={search_term_string}\"},\"query-input\":{\"@type\":\"PropertyValueSpecification\",\"valueRequired\":true,\"valueName\":\"search_term_string\"}}],\"inLanguage\":\"en-GB\"}]}<\/script>\n<!-- \/ Yoast SEO plugin. -->","yoast_head_json":{"title":"Validation de la commande - H\u00f4tel Oh S\u00e8vres Autrement","robots":{"index":"index","follow":"follow","max-snippet":"max-snippet:-1","max-image-preview":"max-image-preview:large","max-video-preview":"max-video-preview:-1"},"canonical":"https:\/\/hotelohsevresautrement.fr\/en\/commander\/","og_locale":"en_GB","og_type":"article","og_title":"Validation de la commande - H\u00f4tel Oh S\u00e8vres Autrement","og_url":"https:\/\/hotelohsevresautrement.fr\/en\/commander\/","og_site_name":"H\u00f4tel Oh S\u00e8vres Autrement","twitter_card":"summary_large_image","schema":{"@context":"https:\/\/schema.org","@graph":[{"@type":"WebPage","@id":"https:\/\/hotelohsevresautrement.fr\/commander\/","url":"https:\/\/hotelohsevresautrement.fr\/commander\/","name":"Validation de la commande - H\u00f4tel Oh S\u00e8vres Autrement","isPartOf":{"@id":"https:\/\/hotelohsevresautrement.fr\/#website"},"datePublished":"2022-03-09T13:03:29+00:00","breadcrumb":{"@id":"https:\/\/hotelohsevresautrement.fr\/commander\/#breadcrumb"},"inLanguage":"en-GB","potentialAction":[{"@type":"ReadAction","target":["https:\/\/hotelohsevresautrement.fr\/commander\/"]}]},{"@type":"BreadcrumbList","@id":"https:\/\/hotelohsevresautrement.fr\/commander\/#breadcrumb","itemListElement":[{"@type":"ListItem","position":1,"name":"Accueil","item":"https:\/\/hotelohsevresautrement.fr\/"},{"@type":"ListItem","position":2,"name":"Validation de la commande"}]},{"@type":"WebSite","@id":"https:\/\/hotelohsevresautrement.fr\/#website","url":"https:\/\/hotelohsevresautrement.fr\/","name":"H\u00f4tel Oh S\u00e8vres Autrement","description":"H\u00f4tel situ\u00e9 \u00e0 S\u00e8vres dans les Hauts de Seine","potentialAction":[{"@type":"SearchAction","target":{"@type":"EntryPoint","urlTemplate":"https:\/\/hotelohsevresautrement.fr\/?s={search_term_string}"},"query-input":{"@type":"PropertyValueSpecification","valueRequired":true,"valueName":"search_term_string"}}],"inLanguage":"en-GB"}]}},"uagb_featured_image_src":{"full":false,"thumbnail":false,"medium":false,"medium_large":false,"large":false,"nd_booking_image_size_1110_611":false,"nd_booking_image_size_1110_570":false,"nd_booking_image_size_720_720":false,"nd_options_location_image_376_308":false,"1536x1536":false,"2048x2048":false,"trp-custom-language-flag":false,"mailpoet_newsletter_max":false},"uagb_author_info":{"display_name":"OhSevreautrement-Admin","author_link":"https:\/\/hotelohsevresautrement.fr\/en\/author\/ohsevreautrement-admin\/"},"uagb_comment_info":0,"uagb_excerpt":null,"jetpack_sharing_enabled":true,"_links":{"self":[{"href":"https:\/\/hotelohsevresautrement.fr\/en\/wp-json\/wp\/v2\/pages\/2284","targetHints":{"allow":["GET"]}}],"collection":[{"href":"https:\/\/hotelohsevresautrement.fr\/en\/wp-json\/wp\/v2\/pages"}],"about":[{"href":"https:\/\/hotelohsevresautrement.fr\/en\/wp-json\/wp\/v2\/types\/page"}],"author":[{"embeddable":true,"href":"https:\/\/hotelohsevresautrement.fr\/en\/wp-json\/wp\/v2\/users\/1"}],"replies":[{"embeddable":true,"href":"https:\/\/hotelohsevresautrement.fr\/en\/wp-json\/wp\/v2\/comments?post=2284"}],"version-history":[{"count":0,"href":"https:\/\/hotelohsevresautrement.fr\/en\/wp-json\/wp\/v2\/pages\/2284\/revisions"}],"wp:attachment":[{"href":"https:\/\/hotelohsevresautrement.fr\/en\/wp-json\/wp\/v2\/media?parent=2284"}],"curies":[{"name":"wp","href":"https:\/\/api.w.org\/{rel}","templated":true}]}}