{"id":3,"date":"2021-07-28T10:59:27","date_gmt":"2021-07-28T10:59:27","guid":{"rendered":"http:\/\/hotelohsevresautrement.fr\/?page_id=3"},"modified":"2022-11-16T17:15:15","modified_gmt":"2022-11-16T17:15:15","slug":"privacy-policy","status":"publish","type":"page","link":"https:\/\/hotelohsevresautrement.fr\/en\/privacy-policy\/","title":{"rendered":"Politique de confidentialit\u00e9"},"content":{"rendered":"<p>La pr\u00e9sente rubrique intitul\u00e9e \u00ab Politique de Confidentialit\u00e9 \u00bb est destin\u00e9e \u00e0 vous informer sur la mani\u00e8re dont sont trait\u00e9es les informations personnelles que vous nous communiquez, sur notre Site, dans notre h\u00f4tel, ou par tout autre moyen.<\/p>\n<p>H\u00d4TEL OH S\u00c8VRES AUTREMENT s\u2019engage \u00e0 traiter les donn\u00e9es que vous nous confi\u00e9es de mani\u00e8re transparente, confidentielle et s\u00e9curis\u00e9e.<br \/>\n\u200d<br \/>\nDans le cadre du traitement de vos donn\u00e9es personnelles, HOTEL OH SEVRES AUTREMENT reconna\u00eet l\u2019importance d\u2019assurer la protection et la s\u00e9curit\u00e9 de votre vie priv\u00e9e et de vos donn\u00e9es personnelles, et a \u00e9tabli la pr\u00e9sente rubrique \u00ab Politique de Confidentialit\u00e9 \u00bb \u00a0en conformit\u00e9 avec les crit\u00e8res les plus stricts de protection des donn\u00e9es personnelles, ainsi que toute r\u00e8glementation applicable, notamment la loi n\u00b02018-493 du 20 juin 2018 et le R\u00e8glement G\u00e9n\u00e9ral pour la Protection des Donn\u00e9es (ci-apr\u00e8s \u00ab RGPD \u00bb) entr\u00e9e en vigueur le 25 mai 2018.<br \/>\n\u200d<br \/>\nLa mani\u00e8re dont sont trait\u00e9es et collect\u00e9es vos donn\u00e9es personnelles est applicable \u00e0 tous les utilisateurs du Site et\/ou clients de HOTEL OH SEVRES AUTREMENT. Nous vous invitons \u00e0 en lire le contenu avec attention. Si vous \u00eates en d\u00e9saccord avec le processus mis en place par HOTEL OH SEVRES AUTREMENT, nous vous prions de ne communiquer aucune information personnelle vous concernant et de cesser d\u2019utiliser le Site. En poursuivant une telle communication, vous reconnaissez avoir \u00e9t\u00e9 inform\u00e9 du traitement de vos donn\u00e9es personnelles et l\u2019acceptez.<br \/>\n\u200d<br \/>\nLa pr\u00e9sente rubrique \u00ab Politique de Confidentialit\u00e9 \u00bb \u00a0est susceptible d\u2019\u00eatre modifi\u00e9e par HOTEL OH SEVRES AUTREMENT \u00e0 tout moment et sans pr\u00e9avis, notamment du fait de changements normatifs. La nouvelle rubrique s&rsquo;appliquera \u00e0 compter de la date de sa mise en ligne sur le Site. En communiquant des informations personnelles apr\u00e8s que ces modifications aient \u00e9t\u00e9 effectu\u00e9es, vous acceptez la nouvelle rubrique.<\/p>\n<p>Par cons\u00e9quent, conform\u00e9ment au RGPD adopt\u00e9 par le Parlement europ\u00e9en le 14 avril 2016 et \u00e0 la Loi Informatique et Libert\u00e9s du 6 janvier 1978 modifi\u00e9e, HOTEL OH SEVRES AUTREMENT vous informe des points suivants :<\/p>\n<h5>Identit\u00e9 du responsable du traitement des donn\u00e9es personnelles<\/h5>\n<p>Le responsable du traitement des donn\u00e9es personnelles est la soci\u00e9t\u00e9 S.A.R.L BBA, soci\u00e9t\u00e9 \u00e0 responsabilit\u00e9 limit\u00e9 au capital de 8000 \u20ac, immatricul\u00e9e au Registre du commerce et des soci\u00e9t\u00e9s de Nanterre sous le num\u00e9ro 443\u00a0362 041.<br \/>\n\u200d<br \/>\nH\u00d4TEL OH S\u00c8VRES AUTREMENT est repr\u00e9sent\u00e9e par la soci\u00e9t\u00e9 S.A.R.L BBA<br \/>\n\u200d<br \/>\nInformations collect\u00e9es et utilisation de vos donn\u00e9es personnelles par H\u00d4TEL OH S\u00c8VRES AUTREMENT<br \/>\nNous collectons uniquement les informations ad\u00e9quates, pertinentes et limit\u00e9es \u00e0 ce qui est n\u00e9cessaires par rapport aux finalit\u00e9s pour lesquelles elles sont trait\u00e9es (\u00ab minimisation des donn\u00e9es \u00bb).<br \/>\n\u200d<br \/>\nVos donn\u00e9es personnelles peuvent \u00eatre collect\u00e9es \u00e0 diff\u00e9rentes occasions :<\/p>\n<h5>Consultation de notre site internet<\/h5>\n<p>Lors de votre navigation sur notre Site, des informations sont susceptibles d\u2019\u00eatre enregistr\u00e9s, ou lues, dans votre terminal. Nous utilisons le service d\u2019analyse d\u2019audience de Google Analytics. Les informations collect\u00e9es via Google Analytics (notamment adresse IP) permettent de suivre le volume, le type et la configuration du trafic utilisant notre Site afin d\u2019en d\u00e9velopper la conception et l\u2019agencement. Les informations collect\u00e9es nous permettent \u00e9galement d\u2019am\u00e9liorer votre exp\u00e9rience client par l\u2019envoi d\u2019offres personnalis\u00e9es et en ad\u00e9quation avec vos besoins.<\/p>\n<h5>Prise de contact<\/h5>\n<p>Pour prendre contact avec nos \u00e9quipes nous collectons les donn\u00e9es suivantes depuis le formulaire de prise de contact:<br \/>\n\u2022 Pr\u00e9nom et nom ;<br \/>\n\u2022 Nom de la soci\u00e9t\u00e9;<br \/>\n\u2022 Num\u00e9ro de t\u00e9l\u00e9phone ;<br \/>\n\u2022 Adresse e-mail ;<\/p>\n<h5>Cookies<\/h5>\n<p>HOTEL OH SEVRES AUTREMENT en tant qu\u2019\u00e9diteur du Site internet, pourra proc\u00e9der \u00e0 l\u2019implantation d\u2019un cookie sur le disque dur de votre terminal (ordinateur, tablette, mobile&#8230;) lorsque vous visitez notre Site.<br \/>\n\u200d<br \/>\nHOTEL OH SEVRES AUTREMENT utilise les cookies pour vous permettre de partager du contenu sur les r\u00e9seaux sociaux, vous offrir des offres publicitaires conformes \u00e0 vos go\u00fbts et pour conna\u00eetre les pages du site visit\u00e9es et avec quelle fr\u00e9quence.<br \/>\n\u200d<br \/>\nPour cela nous collectons les donn\u00e9es suivantes :<br \/>\n\u2022 Parcours de navigation emprunt\u00e9 par un visiteur de notre site internet ;<br \/>\n\u2022 Dur\u00e9e de la visite sur le Site ou sur la page ;<br \/>\n\u2022 La page depuis laquelle le visiteur quitte le Site ;<br \/>\n\u2022 Le pays, la r\u00e9gion ou la ville depuis lequel\/laquelle a eu lieu un acc\u00e8s ;<br \/>\n\u2022 Dispositif ;<br \/>\n\u2022 Visiteur r\u00e9current ou nouveau visiteur.<\/p>\n<h5>\nDestinataires des donn\u00e9es personnelles<\/h5>\n<p>Seul HOTEL OH SEVRES AUTREMENT est destinataire de vos informations personnelles ainsi que ses salari\u00e9s habilit\u00e9s des services commercial et marketing, dans la limite de leurs attributions respectives et dans le respect de la pr\u00e9sente rubrique.<br \/>\nHOTEL OH SEVRES AUTREMENT n\u2019effectue aucune commercialisation, location ou divulgation de vos informations personnelles \u00e0 des tiers autres que des soci\u00e9t\u00e9s appartenant \u00e0 son groupe, ses prestataires au sein de l\u2019Union europ\u00e9enne, ou une autorit\u00e9 administrative ou judiciaire qui lui en aurait donn\u00e9 injonction.<\/p>\n<p>S\u00e9curit\u00e9 de vos donn\u00e9es personnelles<br \/>\nEn communiquant vos donn\u00e9es personnelles, vous acceptez leur collecte, leur transfert et leur stockage pour les finalit\u00e9s mentionn\u00e9es dans la pr\u00e9sente rubrique. HOTEL OH SEVRES AUTREMENT emploie toutes les mesures de s\u00e9curit\u00e9 techniques et organisationnelles pour assurer la protection des informations vous concernant, en conformit\u00e9 avec la r\u00e8glementation.<br \/>\nCependant et malgr\u00e9 toutes ces pr\u00e9cautions, aucune transmission de donn\u00e9es par Internet n&rsquo;est enti\u00e8rement s\u00e9curis\u00e9e. En cons\u00e9quence, toute communication de vos donn\u00e9es sera effectu\u00e9e \u00e0 vos propres risques et la responsabilit\u00e9 de HOTEL OH SEVRES AUTREMENT ne pourra \u00eatre retenue dans l\u2019hypoth\u00e8se d\u2019une intrusion de tiers auxquels vos informations ne seraient pas destin\u00e9es.<\/p>\n<p>&nbsp;<\/p>\n<h5>Droits des utilisateurs<\/h5>\n<p>En application de la loi n\u00b02018-493 du 20 juin 2018 relative \u00e0 la protection des donn\u00e9es personnelles et du RGPD, en tant que personne concern\u00e9e, vous disposez de certains droits, lesquelles peuvent \u00eatre exerc\u00e9s en adressant un courrier \u00e9lectronique \u00e0 : reservation@terrass-hotel.com.<\/p>\n<h5>\nCes droits sont les suivants :<\/h5>\n<p>1. Droit d\u2019acc\u00e8s et de communication de vos donn\u00e9es personnelles<br \/>\n\u200d<br \/>\nVous avez le droit d&rsquo;obtenir de HOTEL OH SEVRES AUTREMENT la confirmation que les donn\u00e9es personnelles vous concernant font l&rsquo;objet ou non d&rsquo;un traitement et, le cas \u00e9ch\u00e9ant, le droit d&rsquo;acc\u00e9der \u00e0 ses donn\u00e9es personnelles.<br \/>\n\u200d<br \/>\nSur demande, HOTEL OH SEVRES AUTREMENT vous fournira gratuitement une copie de vos donn\u00e9es personnelles en cours de traitement. La fourniture d&rsquo;autres copies demand\u00e9es peut entra\u00eener des frais administratifs.<br \/>\n\u200d<br \/>\n2. Droit de portabilit\u00e9 de vos donn\u00e9es personnelles<br \/>\n\u200d<br \/>\nVous avez le droit de recevoir vos donn\u00e9es personnelles qui vous concernent et fournies \u00e0 HOTEL OH SEVRES AUTREMENT, dans un format structur\u00e9, \u00e0 usage courant et en lecture automatique, et le droit de transmettre ces donn\u00e9es \u00e0 un autre responsable du traitement.<br \/>\n\u200d<br \/>\n3. Droit de rectification de vos donn\u00e9es personnelles<br \/>\n\u200d<br \/>\nVous avez le droit de demander \u00e0 HOTEL OH SEVRES AUTREMENT \u00e0 ce que vos donn\u00e9es personnelles soient corrig\u00e9es si elles ne sont pas correctes.<br \/>\n\u200d<br \/>\nEn cas de correction des donn\u00e9es, HOTEL OH SEVRES AUTREMENT s\u2019engage \u00e0 communiquer \u00e0 chaque destinataire \u00e0 qui les donn\u00e9es corrig\u00e9es ont \u00e9t\u00e9 transmises.<br \/>\n\u200d<br \/>\n4. Droit \u00e0 la suppression de vos donn\u00e9es personnelles &#8211; \u00ab droit \u00e0 l\u2019oubli \u00bb<br \/>\n\u200d<br \/>\nVous avez le droit d\u2019obtenir par HOTEL OH SEVRES AUTREMENT, la suppression de vos donn\u00e9es personnelles lorsque l&rsquo;une des raisons suivantes s&rsquo;applique :<br \/>\n\u2022 Vos donn\u00e9es personnelles ne sont plus n\u00e9cessaires aux fins pour lesquelles elles ont \u00e9t\u00e9 collect\u00e9es ou trait\u00e9es ;<br \/>\n\u2022 Vous retirez le consentement sur lequel repose le traitement de vos donn\u00e9es personnelles et il n&rsquo;existe aucune autre base l\u00e9gale pour un tel traitement ;<br \/>\n\u2022 Vous vous opposez au traitement en vertu du droit d&rsquo;opposition et aucun int\u00e9r\u00eat l\u00e9gitime ne justifie le traitement ;<br \/>\n\u2022 Dans le cas o\u00f9 vos donn\u00e9es personnelles sont trait\u00e9es ill\u00e9galement ;<br \/>\n\u200d<br \/>\nSauf dispositions contraires, HOTEL OH SEVRES AUTREMENT n&rsquo;est pas dans l&rsquo;obligation de supprimer vos donn\u00e9es personnelles dans la mesure o\u00f9 le traitement s&rsquo;av\u00e8re n\u00e9cessaire pour remplir une obligation l\u00e9gale \u00e0 laquelle HOTEL OH SEVRES AUTREMENT est soumise ou \u00e0 effet de d\u00e9claration, exercice ou d\u00e9fense d&rsquo;un droit dans le cas d&rsquo;un quelconque litige.<br \/>\nEn cas de suppression de vos donn\u00e9es personnelles, HOTEL OH SEVRES AUTREMENT notifie chaque destinataire\/entit\u00e9 \u00e0 qui les donn\u00e9es supprim\u00e9es ont \u00e9t\u00e9 transmises, sauf si cette communication s&rsquo;av\u00e8re impossible ou implique un effort disproportionn\u00e9.<br \/>\n\u200d<br \/>\n5. Droit d\u2019opposition \u00e0 la collecte et au traitement de vos donn\u00e9es personnelles<br \/>\n\u200d<br \/>\nL\u2019exercice de ce droit n\u2019est possible que dans l\u2019une des deux situations suivantes :<br \/>\n\u2022 Lorsque l\u2019exercice de ce droit est fond\u00e9 sur des motifs l\u00e9gitimes ; ou<br \/>\n\u2022 Lorsque l\u2019exercice de ce droit vise \u00e0 faire obstacle \u00e0 ce que les donn\u00e9es recueillies soient utilis\u00e9es \u00e0 des fins de prospection commerciale.<\/p>\n<h5>\nD\u00e9lais de r\u00e9ponse<\/h5>\n<p>Toute demande relative \u00e0 la communication, la portabilit\u00e9, la rectification, la suppression, l\u2019opposition du traitement de vos donn\u00e9es personnelles, doit \u00eatre accompagn\u00e9e de la photocopie d\u2019un titre d\u2019identit\u00e9 en cours de validit\u00e9 sign\u00e9 et faire mention de l\u2019adresse \u00e0 laquelle HOTEL OH SEVRES AUTREMENT pourra contacter le demandeur.<br \/>\n\u200d<br \/>\nHOTEL OH SEVRES AUTREMENT s\u2019engage \u00e0 r\u00e9pondre \u00e0 votre demande d\u2019acc\u00e8s, de rectification ou d\u2019opposition ou toute autre demande compl\u00e9mentaire d\u2019informations dans un d\u00e9lai raisonnable qui ne saurait d\u00e9passer 1 mois \u00e0 compter de la r\u00e9ception de votre demande.<\/p>\n<h5>Violations des donn\u00e9es personnelles<\/h5>\n<p>En cas de violation de vos donn\u00e9es personnelles, HOTEL OH SEVRES AUTREMENT s&rsquo;engage \u00e0 le notifier \u00e0 la CNIL dans les conditions prescrites par le RGPD.<br \/>\n\u200d<br \/>\nSi vous consid\u00e9rez que HOTEL OH SEVRES AUTREMENT ne respecte pas ses obligations au regard de vos donn\u00e9es personnelles, vous pouvez adresser une plainte ou une demande aupr\u00e8s de l\u2019autorit\u00e9 comp\u00e9tente. En France, l\u2019autorit\u00e9 comp\u00e9tente est la CNIL, \u00e0 laquelle vous pouvez adresser une demande par voie \u00e9lectronique en cliquant sur le lien suivant : https:\/\/www.cnil.fr\/fr\/plaintes\/interne<\/p>","protected":false},"excerpt":{"rendered":"<p>La pr\u00e9sente rubrique intitul\u00e9e \u00ab Politique de Confidentialit\u00e9 \u00bb est destin\u00e9e \u00e0 vous informer sur la mani\u00e8re dont sont trait\u00e9es les informations personnelles que vous nous communiquez, sur notre Site, dans notre h\u00f4tel, ou par tout autre moyen. H\u00d4TEL OH S\u00c8VRES AUTREMENT s\u2019engage \u00e0 traiter les donn\u00e9es que vous nous confi\u00e9es de mani\u00e8re transparente, confidentielle [&hellip;]<\/p>","protected":false},"author":1,"featured_media":0,"parent":0,"menu_order":0,"comment_status":"closed","ping_status":"open","template":"","meta":{"_uag_custom_page_level_css":"","footnotes":""},"class_list":["post-3","page","type-page","status-publish","hentry"],"yoast_head":"<!-- This site is optimized with the Yoast SEO plugin v27.5 - https:\/\/yoast.com\/product\/yoast-seo-wordpress\/ -->\n<title>Politique de confidentialit\u00e9 - H\u00f4tel Oh S\u00e8vres Autrement<\/title>\n<meta name=\"robots\" content=\"index, follow, max-snippet:-1, max-image-preview:large, max-video-preview:-1\" \/>\n<link rel=\"canonical\" href=\"https:\/\/hotelohsevresautrement.fr\/en\/privacy-policy\/\" \/>\n<meta property=\"og:locale\" content=\"en_GB\" \/>\n<meta property=\"og:type\" content=\"article\" \/>\n<meta property=\"og:title\" content=\"Politique de confidentialit\u00e9 - H\u00f4tel Oh S\u00e8vres Autrement\" \/>\n<meta property=\"og:description\" content=\"La pr\u00e9sente rubrique intitul\u00e9e \u00ab Politique de Confidentialit\u00e9 \u00bb est destin\u00e9e \u00e0 vous informer sur la mani\u00e8re dont sont trait\u00e9es les informations personnelles que vous nous communiquez, sur notre Site, dans notre h\u00f4tel, ou par tout autre moyen. H\u00d4TEL OH S\u00c8VRES AUTREMENT s\u2019engage \u00e0 traiter les donn\u00e9es que vous nous confi\u00e9es de mani\u00e8re transparente, confidentielle [&hellip;]\" \/>\n<meta property=\"og:url\" content=\"https:\/\/hotelohsevresautrement.fr\/en\/privacy-policy\/\" \/>\n<meta property=\"og:site_name\" content=\"H\u00f4tel Oh S\u00e8vres Autrement\" \/>\n<meta property=\"article:modified_time\" content=\"2022-11-16T17:15:15+00:00\" \/>\n<meta name=\"twitter:card\" content=\"summary_large_image\" \/>\n<meta name=\"twitter:label1\" content=\"Estimated reading time\" \/>\n\t<meta name=\"twitter:data1\" content=\"8 minutes\" \/>\n<script type=\"application\/ld+json\" class=\"yoast-schema-graph\">{\"@context\":\"https:\\\/\\\/schema.org\",\"@graph\":[{\"@type\":\"WebPage\",\"@id\":\"https:\\\/\\\/hotelohsevresautrement.fr\\\/privacy-policy\\\/\",\"url\":\"https:\\\/\\\/hotelohsevresautrement.fr\\\/privacy-policy\\\/\",\"name\":\"Politique de confidentialit\u00e9 - H\u00f4tel Oh S\u00e8vres Autrement\",\"isPartOf\":{\"@id\":\"https:\\\/\\\/hotelohsevresautrement.fr\\\/#website\"},\"datePublished\":\"2021-07-28T10:59:27+00:00\",\"dateModified\":\"2022-11-16T17:15:15+00:00\",\"breadcrumb\":{\"@id\":\"https:\\\/\\\/hotelohsevresautrement.fr\\\/privacy-policy\\\/#breadcrumb\"},\"inLanguage\":\"en-GB\",\"potentialAction\":[{\"@type\":\"ReadAction\",\"target\":[\"https:\\\/\\\/hotelohsevresautrement.fr\\\/privacy-policy\\\/\"]}]},{\"@type\":\"BreadcrumbList\",\"@id\":\"https:\\\/\\\/hotelohsevresautrement.fr\\\/privacy-policy\\\/#breadcrumb\",\"itemListElement\":[{\"@type\":\"ListItem\",\"position\":1,\"name\":\"Accueil\",\"item\":\"https:\\\/\\\/hotelohsevresautrement.fr\\\/\"},{\"@type\":\"ListItem\",\"position\":2,\"name\":\"Politique de confidentialit\u00e9\"}]},{\"@type\":\"WebSite\",\"@id\":\"https:\\\/\\\/hotelohsevresautrement.fr\\\/#website\",\"url\":\"https:\\\/\\\/hotelohsevresautrement.fr\\\/\",\"name\":\"H\u00f4tel Oh S\u00e8vres Autrement\",\"description\":\"H\u00f4tel situ\u00e9 \u00e0 S\u00e8vres dans les Hauts de Seine\",\"potentialAction\":[{\"@type\":\"SearchAction\",\"target\":{\"@type\":\"EntryPoint\",\"urlTemplate\":\"https:\\\/\\\/hotelohsevresautrement.fr\\\/?s={search_term_string}\"},\"query-input\":{\"@type\":\"PropertyValueSpecification\",\"valueRequired\":true,\"valueName\":\"search_term_string\"}}],\"inLanguage\":\"en-GB\"}]}<\/script>\n<!-- \/ Yoast SEO plugin. -->","yoast_head_json":{"title":"Politique de confidentialit\u00e9 - H\u00f4tel Oh S\u00e8vres Autrement","robots":{"index":"index","follow":"follow","max-snippet":"max-snippet:-1","max-image-preview":"max-image-preview:large","max-video-preview":"max-video-preview:-1"},"canonical":"https:\/\/hotelohsevresautrement.fr\/en\/privacy-policy\/","og_locale":"en_GB","og_type":"article","og_title":"Politique de confidentialit\u00e9 - H\u00f4tel Oh S\u00e8vres Autrement","og_description":"La pr\u00e9sente rubrique intitul\u00e9e \u00ab Politique de Confidentialit\u00e9 \u00bb est destin\u00e9e \u00e0 vous informer sur la mani\u00e8re dont sont trait\u00e9es les informations personnelles que vous nous communiquez, sur notre Site, dans notre h\u00f4tel, ou par tout autre moyen. H\u00d4TEL OH S\u00c8VRES AUTREMENT s\u2019engage \u00e0 traiter les donn\u00e9es que vous nous confi\u00e9es de mani\u00e8re transparente, confidentielle [&hellip;]","og_url":"https:\/\/hotelohsevresautrement.fr\/en\/privacy-policy\/","og_site_name":"H\u00f4tel Oh S\u00e8vres Autrement","article_modified_time":"2022-11-16T17:15:15+00:00","twitter_card":"summary_large_image","twitter_misc":{"Estimated reading time":"8 minutes"},"schema":{"@context":"https:\/\/schema.org","@graph":[{"@type":"WebPage","@id":"https:\/\/hotelohsevresautrement.fr\/privacy-policy\/","url":"https:\/\/hotelohsevresautrement.fr\/privacy-policy\/","name":"Politique de confidentialit\u00e9 - H\u00f4tel Oh S\u00e8vres Autrement","isPartOf":{"@id":"https:\/\/hotelohsevresautrement.fr\/#website"},"datePublished":"2021-07-28T10:59:27+00:00","dateModified":"2022-11-16T17:15:15+00:00","breadcrumb":{"@id":"https:\/\/hotelohsevresautrement.fr\/privacy-policy\/#breadcrumb"},"inLanguage":"en-GB","potentialAction":[{"@type":"ReadAction","target":["https:\/\/hotelohsevresautrement.fr\/privacy-policy\/"]}]},{"@type":"BreadcrumbList","@id":"https:\/\/hotelohsevresautrement.fr\/privacy-policy\/#breadcrumb","itemListElement":[{"@type":"ListItem","position":1,"name":"Accueil","item":"https:\/\/hotelohsevresautrement.fr\/"},{"@type":"ListItem","position":2,"name":"Politique de confidentialit\u00e9"}]},{"@type":"WebSite","@id":"https:\/\/hotelohsevresautrement.fr\/#website","url":"https:\/\/hotelohsevresautrement.fr\/","name":"H\u00f4tel Oh S\u00e8vres Autrement","description":"H\u00f4tel situ\u00e9 \u00e0 S\u00e8vres dans les Hauts de Seine","potentialAction":[{"@type":"SearchAction","target":{"@type":"EntryPoint","urlTemplate":"https:\/\/hotelohsevresautrement.fr\/?s={search_term_string}"},"query-input":{"@type":"PropertyValueSpecification","valueRequired":true,"valueName":"search_term_string"}}],"inLanguage":"en-GB"}]}},"uagb_featured_image_src":{"full":false,"thumbnail":false,"medium":false,"medium_large":false,"large":false,"nd_booking_image_size_1110_611":false,"nd_booking_image_size_1110_570":false,"nd_booking_image_size_720_720":false,"nd_options_location_image_376_308":false,"1536x1536":false,"2048x2048":false,"trp-custom-language-flag":false,"mailpoet_newsletter_max":false},"uagb_author_info":{"display_name":"OhSevreautrement-Admin","author_link":"https:\/\/hotelohsevresautrement.fr\/en\/author\/ohsevreautrement-admin\/"},"uagb_comment_info":0,"uagb_excerpt":"La pr\u00e9sente rubrique intitul\u00e9e \u00ab Politique de Confidentialit\u00e9 \u00bb est destin\u00e9e \u00e0 vous informer sur la mani\u00e8re dont sont trait\u00e9es les informations personnelles que vous nous communiquez, sur notre Site, dans notre h\u00f4tel, ou par tout autre moyen. H\u00d4TEL OH S\u00c8VRES AUTREMENT s\u2019engage \u00e0 traiter les donn\u00e9es que vous nous confi\u00e9es de mani\u00e8re transparente, confidentielle&hellip;","jetpack_sharing_enabled":true,"_links":{"self":[{"href":"https:\/\/hotelohsevresautrement.fr\/en\/wp-json\/wp\/v2\/pages\/3","targetHints":{"allow":["GET"]}}],"collection":[{"href":"https:\/\/hotelohsevresautrement.fr\/en\/wp-json\/wp\/v2\/pages"}],"about":[{"href":"https:\/\/hotelohsevresautrement.fr\/en\/wp-json\/wp\/v2\/types\/page"}],"author":[{"embeddable":true,"href":"https:\/\/hotelohsevresautrement.fr\/en\/wp-json\/wp\/v2\/users\/1"}],"replies":[{"embeddable":true,"href":"https:\/\/hotelohsevresautrement.fr\/en\/wp-json\/wp\/v2\/comments?post=3"}],"version-history":[{"count":6,"href":"https:\/\/hotelohsevresautrement.fr\/en\/wp-json\/wp\/v2\/pages\/3\/revisions"}],"predecessor-version":[{"id":2399,"href":"https:\/\/hotelohsevresautrement.fr\/en\/wp-json\/wp\/v2\/pages\/3\/revisions\/2399"}],"wp:attachment":[{"href":"https:\/\/hotelohsevresautrement.fr\/en\/wp-json\/wp\/v2\/media?parent=3"}],"curies":[{"name":"wp","href":"https:\/\/api.w.org\/{rel}","templated":true}]}}