{"id":32,"date":"2017-06-30T09:54:35","date_gmt":"2017-06-30T09:54:35","guid":{"rendered":"http:\/\/www.nicdarkthemes.com\/themes\/hotel\/wp\/demo\/?page_id=32"},"modified":"2017-06-30T09:54:35","modified_gmt":"2017-06-30T09:54:35","slug":"checkout","status":"publish","type":"page","link":"https:\/\/hotelohsevresautrement.fr\/en\/checkout\/","title":{"rendered":"Checkout"},"content":{"rendered":"<div id=\"nd_options_checkout_page_header_img\" data-vc-full-width=\"true\" data-vc-full-width-init=\"false\" class=\"vc_row wpb_row vc_row-fluid vc_custom_1504707943774 vc_row-has-fill\"><div class=\"wpb_column vc_column_container vc_col-sm-12\"><div class=\"vc_column-inner\"><div class=\"wpb_wrapper\"><div style=\"background-color:;height: 125px\" class=\"nicdark_section\"><\/div>\n\t<div id=\"nd_booking_vc_steps\" class=\"nd_booking_section nd_booking_text_align_center\">\n\t\t\n\t\t<div class=\"nd_booking_section\">\n\t\t\t<h1 class=\"nd_options_color_white nd_booking_font_size_55 nd_booking_font_size_40_all_iphone nd_options_first_font\">CHECKOUT<\/h1>\n\t\t<\/div>\n\n\t\t<style>\n\t\t.nd_booking_bg_custom_color { \n\t\t\tbackground-color: !important; \n\t\t\tborder-color:  !important;\n\t\t}\n\t\t<\/style>\n\n\t\t<div class=\"nd_booking_section nd_booking_height_100\"><\/div>\n\n\t\t<!--start steps-->\n\t\t<div class=\"nd_booking_section nd_booking_position_relative\">\n\t        <ul class=\"nd_booking_list_style_none nd_booking_padding_0 nd_booking_margin_0\">\n\t            \n\t            <li id=\"nd_booking_vc_steps_search\" class=\"nd_booking_display_inline_block nd_booking_margin_right_20 nd_booking_margin_left_20\">\n\t                <h1 class=\"nd_booking_border_1_solid_white nd_booking_width_20 nd_booking_height_20 nd_booking_line_height_20 nd_booking_font_size_11 nd_booking_display_inline_block nd_booking_border_radius_100_percentage nd_options_color_white nd_booking_margin_right_10\">1<\/h1>\n\t                <a class=\"nd_options_color_white nd_booking_font_size_12 nd_booking_letter_spacing_2 nd_booking_text_transform_uppercase\" href=\"https:\/\/hotelohsevresautrement.fr\/en\/?page_id=28\">Search<\/a>\n\t            <\/li>\n\t            <li id=\"nd_booking_vc_steps_booking\" class=\"nd_booking_display_inline_block nd_booking_margin_right_20 nd_booking_margin_left_20\">\n\t                <h1 class=\"nd_booking_border_1_solid_white nd_booking_width_20 nd_booking_height_20 nd_booking_line_height_20 nd_booking_font_size_11 nd_booking_display_inline_block nd_booking_border_radius_100_percentage nd_options_color_white nd_booking_margin_right_10\">2<\/h1>\n\t                <a class=\"nd_options_color_white nd_booking_font_size_12 nd_booking_letter_spacing_2 nd_booking_text_transform_uppercase nd_booking_cursor_text\" href=\"#\">Booking<\/a>\n\t            <\/li>\n\t            <li id=\"nd_booking_vc_steps_checkout\" class=\"nd_booking_display_inline_block nd_booking_margin_right_20 nd_booking_margin_left_20\">\n\t                <h1 class=\"nd_booking_border_1_solid_white nd_booking_bg_greydark nd_booking_bg_custom_color nd_booking_border_1_solid_greydark_important nd_booking_width_20 nd_booking_height_20 nd_booking_line_height_20 nd_booking_font_size_11 nd_booking_display_inline_block nd_booking_border_radius_100_percentage nd_options_color_white nd_booking_margin_right_10\">3<\/h1>\n\t                <a class=\"nd_options_color_white nd_booking_font_size_12 nd_booking_letter_spacing_2 nd_booking_text_transform_uppercase nd_booking_cursor_text\" href=\"#\">Checkout<\/a>\n\t            <\/li>\n\t            <li id=\"nd_booking_vc_steps_thankyou\" class=\"nd_booking_display_inline_block nd_booking_margin_right_20 nd_booking_margin_left_20\">\n\t                <h1 class=\"nd_booking_border_1_solid_white nd_booking_width_20 nd_booking_height_20 nd_booking_line_height_20 nd_booking_font_size_11 nd_booking_display_inline_block nd_booking_border_radius_100_percentage nd_options_color_white nd_booking_margin_right_10\">4<\/h1>\n\t                <a class=\"nd_options_color_white nd_booking_font_size_12 nd_booking_letter_spacing_2 nd_booking_text_transform_uppercase nd_booking_cursor_text\" href=\"#\">Thank You<\/a>\n\t            <\/li>\n\t            \n\t        <\/ul>\n\t    <\/div>\n\t    <!--end steps-->\n\t<\/div>\n<div style=\"background-color:;height: 30px\" class=\"nicdark_section\"><\/div><\/div><\/div><\/div><\/div><div class=\"vc_row-full-width vc_clearfix\"><\/div><div class=\"vc_row wpb_row vc_row-fluid vc_custom_1498836628858\"><div class=\"wpb_column vc_column_container vc_col-sm-12\"><div class=\"vc_column-inner\"><div class=\"wpb_wrapper\">\n\t<div class=\"wpb_text_column wpb_content_element\" >\n\t\t<div class=\"wpb_wrapper\">\n\t\t\t\n\n            <div class=\"nd_booking_section\">\n            \n                <div class=\"nd_booking_float_left nd_booking_width_100_percentage nd_booking_box_sizing_border_box\">\n                    <p>Please select a room to make a reservation<\/p>\n                    <div class=\"nd_booking_section nd_booking_height_20\"><\/div>\n                    <a href=\"https:\/\/hotelohsevresautrement.fr\/en\/?page_id=28\" class=\"nd_booking_bg_yellow nd_booking_padding_15_30_important nd_options_second_font_important nd_booking_border_radius_0_important nd_options_color_white nd_booking_cursor_pointer nd_booking_display_inline_block nd_booking_font_size_11 nd_booking_font_weight_bold nd_booking_letter_spacing_2\">RETURN TO SEARCH PAGE<\/a>\n                <\/div>\n\n            <\/div>\n        \n        \n\n\t\t<\/div>\n\t<\/div>\n<\/div><\/div><\/div><\/div>","protected":false},"excerpt":{"rendered":"CHECKOUT 1 Search 2 Booking 3 Checkout 4 Thank You Please select a room to make a reservation RETURN TO SEARCH PAGE","protected":false},"author":1,"featured_media":0,"parent":0,"menu_order":0,"comment_status":"closed","ping_status":"closed","template":"","meta":{"_uag_custom_page_level_css":"","footnotes":""},"class_list":["post-32","page","type-page","status-publish","hentry"],"yoast_head":"<!-- This site is optimized with the Yoast SEO plugin v27.3 - https:\/\/yoast.com\/product\/yoast-seo-wordpress\/ -->\n<title>Checkout - H\u00f4tel Oh S\u00e8vres Autrement<\/title>\n<meta name=\"robots\" content=\"index, follow, max-snippet:-1, max-image-preview:large, max-video-preview:-1\" \/>\n<link rel=\"canonical\" href=\"https:\/\/hotelohsevresautrement.fr\/en\/checkout\/\" \/>\n<meta property=\"og:locale\" content=\"en_GB\" \/>\n<meta property=\"og:type\" content=\"article\" \/>\n<meta property=\"og:title\" content=\"Checkout - H\u00f4tel Oh S\u00e8vres Autrement\" \/>\n<meta property=\"og:url\" content=\"https:\/\/hotelohsevresautrement.fr\/en\/checkout\/\" \/>\n<meta property=\"og:site_name\" content=\"H\u00f4tel Oh S\u00e8vres Autrement\" \/>\n<meta name=\"twitter:card\" content=\"summary_large_image\" \/>\n<script type=\"application\/ld+json\" class=\"yoast-schema-graph\">{\"@context\":\"https:\\\/\\\/schema.org\",\"@graph\":[{\"@type\":\"WebPage\",\"@id\":\"https:\\\/\\\/hotelohsevresautrement.fr\\\/checkout\\\/\",\"url\":\"https:\\\/\\\/hotelohsevresautrement.fr\\\/checkout\\\/\",\"name\":\"Checkout - H\u00f4tel Oh S\u00e8vres Autrement\",\"isPartOf\":{\"@id\":\"https:\\\/\\\/hotelohsevresautrement.fr\\\/#website\"},\"datePublished\":\"2017-06-30T09:54:35+00:00\",\"breadcrumb\":{\"@id\":\"https:\\\/\\\/hotelohsevresautrement.fr\\\/checkout\\\/#breadcrumb\"},\"inLanguage\":\"en-GB\",\"potentialAction\":[{\"@type\":\"ReadAction\",\"target\":[\"https:\\\/\\\/hotelohsevresautrement.fr\\\/checkout\\\/\"]}]},{\"@type\":\"BreadcrumbList\",\"@id\":\"https:\\\/\\\/hotelohsevresautrement.fr\\\/checkout\\\/#breadcrumb\",\"itemListElement\":[{\"@type\":\"ListItem\",\"position\":1,\"name\":\"Accueil\",\"item\":\"https:\\\/\\\/hotelohsevresautrement.fr\\\/\"},{\"@type\":\"ListItem\",\"position\":2,\"name\":\"Checkout\"}]},{\"@type\":\"WebSite\",\"@id\":\"https:\\\/\\\/hotelohsevresautrement.fr\\\/#website\",\"url\":\"https:\\\/\\\/hotelohsevresautrement.fr\\\/\",\"name\":\"H\u00f4tel Oh S\u00e8vres Autrement\",\"description\":\"H\u00f4tel situ\u00e9 \u00e0 S\u00e8vres dans les Hauts de Seine\",\"potentialAction\":[{\"@type\":\"SearchAction\",\"target\":{\"@type\":\"EntryPoint\",\"urlTemplate\":\"https:\\\/\\\/hotelohsevresautrement.fr\\\/?s={search_term_string}\"},\"query-input\":{\"@type\":\"PropertyValueSpecification\",\"valueRequired\":true,\"valueName\":\"search_term_string\"}}],\"inLanguage\":\"en-GB\"}]}<\/script>\n<!-- \/ Yoast SEO plugin. -->","yoast_head_json":{"title":"Checkout - H\u00f4tel Oh S\u00e8vres Autrement","robots":{"index":"index","follow":"follow","max-snippet":"max-snippet:-1","max-image-preview":"max-image-preview:large","max-video-preview":"max-video-preview:-1"},"canonical":"https:\/\/hotelohsevresautrement.fr\/en\/checkout\/","og_locale":"en_GB","og_type":"article","og_title":"Checkout - H\u00f4tel Oh S\u00e8vres Autrement","og_url":"https:\/\/hotelohsevresautrement.fr\/en\/checkout\/","og_site_name":"H\u00f4tel Oh S\u00e8vres Autrement","twitter_card":"summary_large_image","schema":{"@context":"https:\/\/schema.org","@graph":[{"@type":"WebPage","@id":"https:\/\/hotelohsevresautrement.fr\/checkout\/","url":"https:\/\/hotelohsevresautrement.fr\/checkout\/","name":"Checkout - H\u00f4tel Oh S\u00e8vres Autrement","isPartOf":{"@id":"https:\/\/hotelohsevresautrement.fr\/#website"},"datePublished":"2017-06-30T09:54:35+00:00","breadcrumb":{"@id":"https:\/\/hotelohsevresautrement.fr\/checkout\/#breadcrumb"},"inLanguage":"en-GB","potentialAction":[{"@type":"ReadAction","target":["https:\/\/hotelohsevresautrement.fr\/checkout\/"]}]},{"@type":"BreadcrumbList","@id":"https:\/\/hotelohsevresautrement.fr\/checkout\/#breadcrumb","itemListElement":[{"@type":"ListItem","position":1,"name":"Accueil","item":"https:\/\/hotelohsevresautrement.fr\/"},{"@type":"ListItem","position":2,"name":"Checkout"}]},{"@type":"WebSite","@id":"https:\/\/hotelohsevresautrement.fr\/#website","url":"https:\/\/hotelohsevresautrement.fr\/","name":"H\u00f4tel Oh S\u00e8vres Autrement","description":"H\u00f4tel situ\u00e9 \u00e0 S\u00e8vres dans les Hauts de Seine","potentialAction":[{"@type":"SearchAction","target":{"@type":"EntryPoint","urlTemplate":"https:\/\/hotelohsevresautrement.fr\/?s={search_term_string}"},"query-input":{"@type":"PropertyValueSpecification","valueRequired":true,"valueName":"search_term_string"}}],"inLanguage":"en-GB"}]}},"uagb_featured_image_src":{"full":false,"thumbnail":false,"medium":false,"medium_large":false,"large":false,"nd_booking_image_size_1110_611":false,"nd_booking_image_size_1110_570":false,"nd_booking_image_size_720_720":false,"nd_options_location_image_376_308":false,"1536x1536":false,"2048x2048":false,"trp-custom-language-flag":false,"mailpoet_newsletter_max":false},"uagb_author_info":{"display_name":"OhSevreautrement-Admin","author_link":"https:\/\/hotelohsevresautrement.fr\/en\/author\/ohsevreautrement-admin\/"},"uagb_comment_info":0,"uagb_excerpt":null,"jetpack_sharing_enabled":true,"_links":{"self":[{"href":"https:\/\/hotelohsevresautrement.fr\/en\/wp-json\/wp\/v2\/pages\/32","targetHints":{"allow":["GET"]}}],"collection":[{"href":"https:\/\/hotelohsevresautrement.fr\/en\/wp-json\/wp\/v2\/pages"}],"about":[{"href":"https:\/\/hotelohsevresautrement.fr\/en\/wp-json\/wp\/v2\/types\/page"}],"author":[{"embeddable":true,"href":"https:\/\/hotelohsevresautrement.fr\/en\/wp-json\/wp\/v2\/users\/1"}],"replies":[{"embeddable":true,"href":"https:\/\/hotelohsevresautrement.fr\/en\/wp-json\/wp\/v2\/comments?post=32"}],"version-history":[{"count":1,"href":"https:\/\/hotelohsevresautrement.fr\/en\/wp-json\/wp\/v2\/pages\/32\/revisions"}],"predecessor-version":[{"id":2435,"href":"https:\/\/hotelohsevresautrement.fr\/en\/wp-json\/wp\/v2\/pages\/32\/revisions\/2435"}],"wp:attachment":[{"href":"https:\/\/hotelohsevresautrement.fr\/en\/wp-json\/wp\/v2\/media?parent=32"}],"curies":[{"name":"wp","href":"https:\/\/api.w.org\/{rel}","templated":true}]}}