{"id":460,"date":"2017-07-19T09:28:56","date_gmt":"2017-07-19T09:28:56","guid":{"rendered":"http:\/\/www.nicdarkthemes.com\/themes\/hotel\/wp\/demo\/?page_id=460"},"modified":"2026-04-21T14:57:31","modified_gmt":"2026-04-21T14:57:31","slug":"contactez-hotel-oh-sevres-autrement","status":"publish","type":"page","link":"https:\/\/hotelohsevresautrement.fr\/en\/contactez-hotel-oh-sevres-autrement\/","title":{"rendered":"Contactez l&rsquo;h\u00f4tel Oh S\u00e8vres autrement \u00e0 S\u00e8vres dans les Hauts-de-seine"},"content":{"rendered":"<div class=\"vc_row wpb_row vc_row-fluid vc_custom_1492593618245\"><div class=\"wpb_column vc_column_container vc_col-sm-6\"><div class=\"vc_column-inner\"><div class=\"wpb_wrapper\">\n\t<div class=\"wpb_text_column wpb_content_element\" >\n\t\t<div class=\"wpb_wrapper\">\n\t\t\t<p>Contactez <strong>l\u2019h\u00f4tel du Centre<\/strong>, vous accueille dans une ambiance conviviale et familiale. Notre concept consiste \u00e0 se sentir \u00ab Comme \u00e0 la maison ! \u00bb. Nos <a href=\"https:\/\/hotelohsevresautrement.fr\/en\/reservez-une-chambre\/\">rooms<\/a> sont tr\u00e8s spacieux, offrent un cadre agr\u00e9able et confortable. Venez faire un s\u00e9jour d\u2019affaire ou en famille, situ\u00e9 \u00e0 <a href=\"https:\/\/fr.wikipedia.org\/wiki\/S%C3%A8vres\"><strong>S\u00e8vres<\/strong><\/a>, c\u2019est le lieu id\u00e9al pour visiter Paris et ses alentours.<\/p>\n\n\t\t<\/div>\n\t<\/div>\n<div style=\"background-color:;height: 20px\" class=\"nicdark_section\"><\/div>\n\t<div class=\"wpb_text_column wpb_content_element\" >\n\t\t<div class=\"wpb_wrapper\">\n\t\t\t<h5>Contactez-nous par t\u00e9l\u00e9phone :<\/h5>\n\n\t\t<\/div>\n\t<\/div>\n\n\t<div class=\"wpb_text_column wpb_content_element  vc_custom_1638461694624\" >\n\t\t<div class=\"wpb_wrapper\">\n\t\t\t<h3><span class=\"LrzXr zdqRlf kno-fv\"><a href=\"tel:+33954906945\" data-dtype=\"d3ifr\" data-local-attribute=\"d3ph\" data-ved=\"2ahUKEwiDhsSbwMX0AhUizYUKHeu7C_oQkAgoAHoECEQQAw\"><span aria-label=\"Appeler le 09 54 90 69 45\">09 54 90 69 45<\/span><\/a><\/span><\/h3>\n\n\t\t<\/div>\n\t<\/div>\n\n\t<div class=\"wpb_text_column wpb_content_element\" >\n\t\t<div class=\"wpb_wrapper\">\n\t\t\t<h5>Contactez-nous par mail :<\/h5>\n\n\t\t<\/div>\n\t<\/div>\n\n\t<div class=\"wpb_text_column wpb_content_element  vc_custom_1776783448970\" >\n\t\t<div class=\"wpb_wrapper\">\n\t\t\t<h3><a href=\"mailto:hotelohsevresautrement@yahoo.com\">hotelohsevresautrement@yahoo.com<\/a><\/h3>\n\n\t\t<\/div>\n\t<\/div>\n<div style=\"background-color:;height: 20px\" class=\"nicdark_section\"><\/div> <h3 style=\"color:;padding:px;text-align:;font-size:25px;line-height:25px;letter-spacing: px;font-weight:normal\" class=\"nd_options_first_font\">Contactez l'h\u00f4tel<\/h3> <div style=\"background-color:;height: 20px\" class=\"nicdark_section\"><\/div>\n\n    <!--start form-->\n    <div id=\"nd_options_shortcode_cf7_13\" class=\"nd_options_section\">\n      \n      <div class=\"nd_options_section nd_options_box_sizing_border_box\">\n        \n<div class=\"wpcf7 no-js\" id=\"wpcf7-f13-o1\" lang=\"en-US\" dir=\"ltr\">\n<div class=\"screen-reader-response\"><p role=\"status\" aria-live=\"polite\" aria-atomic=\"true\"><\/p> <ul><\/ul><\/div>\n<form action=\"\/en\/wp-json\/wp\/v2\/pages\/460#wpcf7-f13-o1\" method=\"post\" class=\"wpcf7-form init\" aria-label=\"Contact form\" novalidate=\"novalidate\" data-status=\"init\" data-trp-original-action=\"\/en\/wp-json\/wp\/v2\/pages\/460#wpcf7-f13-o1\">\n<input type=\"hidden\" name=\"_wpcf7\" value=\"13\" \/><input type=\"hidden\" name=\"_wpcf7_version\" value=\"6.1.5\" \/><input type=\"hidden\" name=\"_wpcf7_locale\" value=\"en_US\" \/><input type=\"hidden\" name=\"_wpcf7_unit_tag\" value=\"wpcf7-f13-o1\" \/><input type=\"hidden\" name=\"_wpcf7_container_post\" value=\"0\" \/><input type=\"hidden\" name=\"_wpcf7_posted_data_hash\" value=\"\" \/>\n\n<div class=\"nd_options_float_left nd_options_box_sizing_border_box nd_options_width_100_percentage_all_iphone_important nd_options_padding_0_right_important_all_iphone nd_options_padding_0_left_important_all_iphone\" style=\"padding: 0px 10px 15px 0px;width:100%\">\n<\/p>\n<p>Name :\n<\/p>\n<p><span class=\"wpcf7-form-control-wrap\" data-name=\"name-form\"><\/span><\/div><br \/>\n<div class=\"nd_options_float_left nd_options_box_sizing_border_box nd_options_width_100_percentage_all_iphone_important nd_options_padding_0_right_important_all_iphone nd_options_padding_0_left_important_all_iphone\" style=\"padding: 0px 10px 15px 0px;width:100%\">\n<\/p>\n<p>Email ;\n<\/p>\n<p><span class=\"wpcf7-form-control-wrap\" data-name=\"email\"><\/span><\/div><br \/>\n<div class=\"nd_options_float_left nd_options_box_sizing_border_box nd_options_width_100_percentage_all_iphone_important nd_options_padding_0_right_important_all_iphone nd_options_padding_0_left_important_all_iphone\" style=\"padding: 0px 10px 15px 0px;width:100%\">\n<\/p>\n<p>Message :\n<\/p>\n<p><span class=\"wpcf7-form-control-wrap\" data-name=\"message\"><textarea cols=\"40\" rows=\"5\" class=\"wpcf7-form-control wpcf7-textarea nd_options_padding_10_20_important nd_options_margin_top_10\" name=\"message\"><\/textarea><\/span><\/div><br \/>\n<div class=\"nd_options_float_left nd_options_box_sizing_border_box nd_options_width_100_percentage_all_iphone_important nd_options_padding_0_right_important_all_iphone nd_options_padding_0_left_important_all_iphone\" style=\"padding: 0px 0px 0px 0px;width:30%\"><\/div><div class=\"wpcf7-response-output\" aria-hidden=\"true\"><\/div>\n<input type=\"hidden\" name=\"trp-form-language\" value=\"en\"\/><\/form>\n<\/div>\n \n      <\/div>  \n\n    <\/div>\n    <!--end form-->\n\n   <div style=\"background-color:;height: 20px\" class=\"nicdark_section\"><\/div><\/div><\/div><\/div><div class=\"wpb_column vc_column_container vc_col-sm-6\"><div class=\"vc_column-inner\"><div class=\"wpb_wrapper\"> <h3 style=\"color:;padding:px;text-align:;font-size:25px;line-height:25px;letter-spacing: px;font-weight:normal\" class=\"nd_options_first_font\">Questions fr\u00e9quemment pos\u00e9es<\/h3> <div style=\"background-color:;height: 30px\" class=\"nicdark_section\"><\/div>\n\t<div class=\"wpb_text_column wpb_content_element\" >\n\t\t<div class=\"wpb_wrapper\">\n\t\t\t<p>D\u00e9couvrez les questions les plus fr\u00e9quentes<\/p>\n\n\t\t<\/div>\n\t<\/div>\n<div style=\"background-color:;height: 25px\" class=\"nicdark_section\"><\/div>\n\n    <div class=\"nd_options_section nd_options_toogles_contact_2\">\n\n      <div class=\"nd_options_section nd_options_box_sizing_border_box\">\n        <p class=\"nd_options_toogle_title nd_options_first_font nd_options_font_size_17 nd_options_position_relative nd_options_padding_right_20 nd_options_padding_top_5 nd_options_padding_left_45 nd_options_padding_bottom_5\">\n          <span style=\"background-color:#78635a\" class=\"nd_options_cursor_pointer nd_options_text_align_center nd_options_toogle_title_open_527 nd_options_width_25 nd_options_height_25  nd_options_position_absolute nd_options_top_0 nd_options_left_0\">\n            <img decoding=\"async\" alt=\"\" class=\"nd_options_margin_top_6\" width=\"12\" src=\"https:\/\/hotelohsevresautrement.fr\/wp-content\/plugins\/nd-shortcodes\/shortcodes\/custom\/toogle\/icon-add-white.png\">\n          <\/span> \n          <span style=\"background-color:#78635a\" class=\"nd_options_cursor_pointer nd_options_text_align_center nd_options_toogle_title_close_527 nd_options_width_25 nd_options_display_none nd_options_height_25  nd_options_position_absolute nd_options_top_0 nd_options_left_0\">\n            <img decoding=\"async\" alt=\"\" class=\"nd_options_margin_top_6\" width=\"12\" src=\"https:\/\/hotelohsevresautrement.fr\/wp-content\/plugins\/nd-shortcodes\/shortcodes\/custom\/toogle\/icon-less-white.png\">\n          <\/span>\n          Est-il possible de faire nettoyer ses v\u00eatements ?\n        <\/p>\n      <\/div>\n      \n      <div class=\"nd_options_display_none nd_options_padding_20 nd_options_padding_left_45 nd_options_toogle_content_527 nd_options_section nd_options_box_sizing_border_box\">\n        <p>Un fer \u00e0 repasser est \u00e0 votre disposition.<\/p>\n      <\/div>\n\n    <\/div>\n\n   <div style=\"background-color:;height: 18px\" class=\"nicdark_section\"><\/div>\n\n    <div class=\"nd_options_section nd_options_toogles_contact_2\">\n\n      <div class=\"nd_options_section nd_options_box_sizing_border_box\">\n        <p class=\"nd_options_toogle_title nd_options_first_font nd_options_font_size_17 nd_options_position_relative nd_options_padding_right_20 nd_options_padding_top_5 nd_options_padding_left_45 nd_options_padding_bottom_5\">\n          <span style=\"background-color:#78635a\" class=\"nd_options_cursor_pointer nd_options_text_align_center nd_options_toogle_title_open_966 nd_options_width_25 nd_options_height_25  nd_options_position_absolute nd_options_top_0 nd_options_left_0\">\n            <img decoding=\"async\" alt=\"\" class=\"nd_options_margin_top_6\" width=\"12\" src=\"https:\/\/hotelohsevresautrement.fr\/wp-content\/plugins\/nd-shortcodes\/shortcodes\/custom\/toogle\/icon-add-white.png\">\n          <\/span> \n          <span style=\"background-color:#78635a\" class=\"nd_options_cursor_pointer nd_options_text_align_center nd_options_toogle_title_close_966 nd_options_width_25 nd_options_display_none nd_options_height_25  nd_options_position_absolute nd_options_top_0 nd_options_left_0\">\n            <img decoding=\"async\" alt=\"\" class=\"nd_options_margin_top_6\" width=\"12\" src=\"https:\/\/hotelohsevresautrement.fr\/wp-content\/plugins\/nd-shortcodes\/shortcodes\/custom\/toogle\/icon-less-white.png\">\n          <\/span>\n          A partir de quelle heure et o\u00f9 puis- je r\u00e9cup\u00e9rer la cl\u00e9 de ma chambre ?\n        <\/p>\n      <\/div>\n      \n      <div class=\"nd_options_display_none nd_options_padding_20 nd_options_padding_left_45 nd_options_toogle_content_966 nd_options_section nd_options_box_sizing_border_box\">\n        <p>Les cl\u00e9s des chambres sont \u00e0 votre disposition \u00e0 l'accueil de notre brasserie qui reste ouverte de 8h30 jusqu'\u00e0 21h<\/p>\n      <\/div>\n\n    <\/div>\n\n   <div style=\"background-color:;height: 20px\" class=\"nicdark_section\"><\/div>\n\n    <div class=\"nd_options_section nd_options_toogles_contact_2\">\n\n      <div class=\"nd_options_section nd_options_box_sizing_border_box\">\n        <p class=\"nd_options_toogle_title nd_options_first_font nd_options_font_size_17 nd_options_position_relative nd_options_padding_right_20 nd_options_padding_top_5 nd_options_padding_left_45 nd_options_padding_bottom_5\">\n          <span style=\"background-color:#78635a\" class=\"nd_options_cursor_pointer nd_options_text_align_center nd_options_toogle_title_open_465 nd_options_width_25 nd_options_height_25  nd_options_position_absolute nd_options_top_0 nd_options_left_0\">\n            <img decoding=\"async\" alt=\"\" class=\"nd_options_margin_top_6\" width=\"12\" src=\"https:\/\/hotelohsevresautrement.fr\/wp-content\/plugins\/nd-shortcodes\/shortcodes\/custom\/toogle\/icon-add-white.png\">\n          <\/span> \n          <span style=\"background-color:#78635a\" class=\"nd_options_cursor_pointer nd_options_text_align_center nd_options_toogle_title_close_465 nd_options_width_25 nd_options_display_none nd_options_height_25  nd_options_position_absolute nd_options_top_0 nd_options_left_0\">\n            <img decoding=\"async\" alt=\"\" class=\"nd_options_margin_top_6\" width=\"12\" src=\"https:\/\/hotelohsevresautrement.fr\/wp-content\/plugins\/nd-shortcodes\/shortcodes\/custom\/toogle\/icon-less-white.png\">\n          <\/span>\n          Est-t-il possible de se garer \u00e0 proximit\u00e9 de l\u2019h\u00f4tel ?\n        <\/p>\n      <\/div>\n      \n      <div class=\"nd_options_display_none nd_options_padding_20 nd_options_padding_left_45 nd_options_toogle_content_465 nd_options_section nd_options_box_sizing_border_box\">\n        <p>Oui un parking payant se trouve en face de l'h\u00f4tel est \u00e0 votre disposition pour garer votre v\u00e9hicule en toute s\u00e9curit\u00e9.<\/p>\n      <\/div>\n\n    <\/div>\n\n   <div style=\"background-color:;height: 20px\" class=\"nicdark_section\"><\/div>\n\n    <div class=\"nd_options_section nd_options_toogles_contact_2\">\n\n      <div class=\"nd_options_section nd_options_box_sizing_border_box\">\n        <p class=\"nd_options_toogle_title nd_options_first_font nd_options_font_size_17 nd_options_position_relative nd_options_padding_right_20 nd_options_padding_top_5 nd_options_padding_left_45 nd_options_padding_bottom_5\">\n          <span style=\"background-color:#78635a\" class=\"nd_options_cursor_pointer nd_options_text_align_center nd_options_toogle_title_open_417 nd_options_width_25 nd_options_height_25  nd_options_position_absolute nd_options_top_0 nd_options_left_0\">\n            <img decoding=\"async\" alt=\"\" class=\"nd_options_margin_top_6\" width=\"12\" src=\"https:\/\/hotelohsevresautrement.fr\/wp-content\/plugins\/nd-shortcodes\/shortcodes\/custom\/toogle\/icon-add-white.png\">\n          <\/span> \n          <span style=\"background-color:#78635a\" class=\"nd_options_cursor_pointer nd_options_text_align_center nd_options_toogle_title_close_417 nd_options_width_25 nd_options_display_none nd_options_height_25  nd_options_position_absolute nd_options_top_0 nd_options_left_0\">\n            <img decoding=\"async\" alt=\"\" class=\"nd_options_margin_top_6\" width=\"12\" src=\"https:\/\/hotelohsevresautrement.fr\/wp-content\/plugins\/nd-shortcodes\/shortcodes\/custom\/toogle\/icon-less-white.png\">\n          <\/span>\n          \u00c0 partir de quelle heure on r\u00e9cup\u00e8re les cl\u00e9s de la chambre?\n        <\/p>\n      <\/div>\n      \n      <div class=\"nd_options_display_none nd_options_padding_20 nd_options_padding_left_45 nd_options_toogle_content_417 nd_options_section nd_options_box_sizing_border_box\">\n        <p>Les cl\u00e9s de la chambre se trouvent dans des bo\u00eetiers \u00e0 codes. Le check in est \u00e0 partir de 14h et le check out \u00e0 11h.<\/p>\n      <\/div>\n\n    <\/div>\n\n   <div style=\"background-color:;height: 20px\" class=\"nicdark_section\"><\/div><\/div><\/div><\/div><\/div><div data-vc-full-width=\"true\" data-vc-full-width-init=\"false\" class=\"vc_row wpb_row vc_row-fluid vc_custom_1506412512889 vc_row-has-fill\"><div class=\"wpb_column vc_column_container vc_col-sm-12\"><div class=\"vc_column-inner\"><div class=\"wpb_wrapper\"> <h3 style=\"color:#ffffff;padding:px;text-align:center;font-size:13px;line-height:13px;letter-spacing: 2px;font-weight:lighter\" class=\"nd_options_second_font\">CONTACTEZ-NOUS<\/h3> <div style=\"background-color:;height: 10px\" class=\"nicdark_section\"><\/div> <h1 style=\"color:#ffffff;padding:px;text-align:center;font-size:30px;line-height:35px;letter-spacing: px;font-weight:normal\" class=\"nd_options_first_font\">N'h\u00e9sitez pas \u00e0 nous contacter si vous avez besoin de plus d'informations.<\/h1> <\/div><\/div><\/div><\/div><div class=\"vc_row-full-width vc_clearfix\"><\/div>","protected":false},"excerpt":{"rendered":"Contactez l\u2019h\u00f4tel du Centre, vous accueille dans une ambiance conviviale et familiale. Notre concept consiste \u00e0 se sentir \u00ab Comme \u00e0 la maison ! \u00bb. Nos appartements sont tr\u00e8s spacieux, offrent un cadre agr\u00e9able et confortable. Venez faire un s\u00e9jour d\u2019affaire ou en famille, situ\u00e9 \u00e0 S\u00e8vres, c\u2019est le lieu id\u00e9al pour visiter Paris et [...]","protected":false},"author":1,"featured_media":0,"parent":0,"menu_order":0,"comment_status":"closed","ping_status":"closed","template":"","meta":{"_uag_custom_page_level_css":"","footnotes":""},"class_list":["post-460","page","type-page","status-publish","hentry"],"yoast_head":"<!-- This site is optimized with the Yoast SEO plugin v27.5 - https:\/\/yoast.com\/product\/yoast-seo-wordpress\/ -->\n<title>Contactez l&#039;h\u00f4tel Oh S\u00e8vres autrement \u00e0 S\u00e8vres dans les Hauts-de-seine -<\/title>\n<meta name=\"description\" content=\"Vous souhaitez r\u00e9servez une chambre dans l&#039;h\u00f4tel Oh S\u00e8vres Autrement, contactez-nous pour plus d&#039;informations. Contactez l&#039;h\u00f4tel.\" \/>\n<meta name=\"robots\" content=\"index, follow, max-snippet:-1, max-image-preview:large, max-video-preview:-1\" \/>\n<link rel=\"canonical\" href=\"https:\/\/hotelohsevresautrement.fr\/en\/contactez-hotel-oh-sevres-autrement\/\" \/>\n<meta property=\"og:locale\" content=\"en_GB\" \/>\n<meta property=\"og:type\" content=\"article\" \/>\n<meta property=\"og:title\" content=\"Contactez l&#039;h\u00f4tel Oh S\u00e8vres autrement \u00e0 S\u00e8vres dans les Hauts-de-seine -\" \/>\n<meta property=\"og:description\" content=\"Vous souhaitez r\u00e9servez une chambre dans l&#039;h\u00f4tel Oh S\u00e8vres Autrement, contactez-nous pour plus d&#039;informations. Contactez l&#039;h\u00f4tel.\" \/>\n<meta property=\"og:url\" content=\"https:\/\/hotelohsevresautrement.fr\/en\/contactez-hotel-oh-sevres-autrement\/\" \/>\n<meta property=\"og:site_name\" content=\"H\u00f4tel Oh S\u00e8vres Autrement\" \/>\n<meta property=\"article:modified_time\" content=\"2026-04-21T14:57:31+00:00\" \/>\n<meta name=\"twitter:card\" content=\"summary_large_image\" \/>\n<meta name=\"twitter:label1\" content=\"Estimated reading time\" \/>\n\t<meta name=\"twitter:data1\" content=\"2 minutes\" \/>\n<script type=\"application\/ld+json\" class=\"yoast-schema-graph\">{\"@context\":\"https:\\\/\\\/schema.org\",\"@graph\":[{\"@type\":\"WebPage\",\"@id\":\"https:\\\/\\\/hotelohsevresautrement.fr\\\/contactez-hotel-oh-sevres-autrement\\\/\",\"url\":\"https:\\\/\\\/hotelohsevresautrement.fr\\\/contactez-hotel-oh-sevres-autrement\\\/\",\"name\":\"Contactez l'h\u00f4tel Oh S\u00e8vres autrement \u00e0 S\u00e8vres dans les Hauts-de-seine -\",\"isPartOf\":{\"@id\":\"https:\\\/\\\/hotelohsevresautrement.fr\\\/#website\"},\"datePublished\":\"2017-07-19T09:28:56+00:00\",\"dateModified\":\"2026-04-21T14:57:31+00:00\",\"description\":\"Vous souhaitez r\u00e9servez une chambre dans l'h\u00f4tel Oh S\u00e8vres Autrement, contactez-nous pour plus d'informations. Contactez l'h\u00f4tel.\",\"breadcrumb\":{\"@id\":\"https:\\\/\\\/hotelohsevresautrement.fr\\\/contactez-hotel-oh-sevres-autrement\\\/#breadcrumb\"},\"inLanguage\":\"en-GB\",\"potentialAction\":[{\"@type\":\"ReadAction\",\"target\":[\"https:\\\/\\\/hotelohsevresautrement.fr\\\/contactez-hotel-oh-sevres-autrement\\\/\"]}]},{\"@type\":\"BreadcrumbList\",\"@id\":\"https:\\\/\\\/hotelohsevresautrement.fr\\\/contactez-hotel-oh-sevres-autrement\\\/#breadcrumb\",\"itemListElement\":[{\"@type\":\"ListItem\",\"position\":1,\"name\":\"Accueil\",\"item\":\"https:\\\/\\\/hotelohsevresautrement.fr\\\/\"},{\"@type\":\"ListItem\",\"position\":2,\"name\":\"Contactez l&rsquo;h\u00f4tel Oh S\u00e8vres autrement \u00e0 S\u00e8vres dans les Hauts-de-seine\"}]},{\"@type\":\"WebSite\",\"@id\":\"https:\\\/\\\/hotelohsevresautrement.fr\\\/#website\",\"url\":\"https:\\\/\\\/hotelohsevresautrement.fr\\\/\",\"name\":\"H\u00f4tel Oh S\u00e8vres Autrement\",\"description\":\"H\u00f4tel situ\u00e9 \u00e0 S\u00e8vres dans les Hauts de Seine\",\"potentialAction\":[{\"@type\":\"SearchAction\",\"target\":{\"@type\":\"EntryPoint\",\"urlTemplate\":\"https:\\\/\\\/hotelohsevresautrement.fr\\\/?s={search_term_string}\"},\"query-input\":{\"@type\":\"PropertyValueSpecification\",\"valueRequired\":true,\"valueName\":\"search_term_string\"}}],\"inLanguage\":\"en-GB\"}]}<\/script>\n<!-- \/ Yoast SEO plugin. -->","yoast_head_json":{"title":"Contactez l'h\u00f4tel Oh S\u00e8vres autrement \u00e0 S\u00e8vres dans les Hauts-de-seine -","description":"Vous souhaitez r\u00e9servez une chambre dans l'h\u00f4tel Oh S\u00e8vres Autrement, contactez-nous pour plus d'informations. Contactez l'h\u00f4tel.","robots":{"index":"index","follow":"follow","max-snippet":"max-snippet:-1","max-image-preview":"max-image-preview:large","max-video-preview":"max-video-preview:-1"},"canonical":"https:\/\/hotelohsevresautrement.fr\/en\/contactez-hotel-oh-sevres-autrement\/","og_locale":"en_GB","og_type":"article","og_title":"Contactez l'h\u00f4tel Oh S\u00e8vres autrement \u00e0 S\u00e8vres dans les Hauts-de-seine -","og_description":"Vous souhaitez r\u00e9servez une chambre dans l'h\u00f4tel Oh S\u00e8vres Autrement, contactez-nous pour plus d'informations. Contactez l'h\u00f4tel.","og_url":"https:\/\/hotelohsevresautrement.fr\/en\/contactez-hotel-oh-sevres-autrement\/","og_site_name":"H\u00f4tel Oh S\u00e8vres Autrement","article_modified_time":"2026-04-21T14:57:31+00:00","twitter_card":"summary_large_image","twitter_misc":{"Estimated reading time":"2 minutes"},"schema":{"@context":"https:\/\/schema.org","@graph":[{"@type":"WebPage","@id":"https:\/\/hotelohsevresautrement.fr\/contactez-hotel-oh-sevres-autrement\/","url":"https:\/\/hotelohsevresautrement.fr\/contactez-hotel-oh-sevres-autrement\/","name":"Contactez l'h\u00f4tel Oh S\u00e8vres autrement \u00e0 S\u00e8vres dans les Hauts-de-seine -","isPartOf":{"@id":"https:\/\/hotelohsevresautrement.fr\/#website"},"datePublished":"2017-07-19T09:28:56+00:00","dateModified":"2026-04-21T14:57:31+00:00","description":"Vous souhaitez r\u00e9servez une chambre dans l'h\u00f4tel Oh S\u00e8vres Autrement, contactez-nous pour plus d'informations. Contactez l'h\u00f4tel.","breadcrumb":{"@id":"https:\/\/hotelohsevresautrement.fr\/contactez-hotel-oh-sevres-autrement\/#breadcrumb"},"inLanguage":"en-GB","potentialAction":[{"@type":"ReadAction","target":["https:\/\/hotelohsevresautrement.fr\/contactez-hotel-oh-sevres-autrement\/"]}]},{"@type":"BreadcrumbList","@id":"https:\/\/hotelohsevresautrement.fr\/contactez-hotel-oh-sevres-autrement\/#breadcrumb","itemListElement":[{"@type":"ListItem","position":1,"name":"Accueil","item":"https:\/\/hotelohsevresautrement.fr\/"},{"@type":"ListItem","position":2,"name":"Contactez l&rsquo;h\u00f4tel Oh S\u00e8vres autrement \u00e0 S\u00e8vres dans les Hauts-de-seine"}]},{"@type":"WebSite","@id":"https:\/\/hotelohsevresautrement.fr\/#website","url":"https:\/\/hotelohsevresautrement.fr\/","name":"H\u00f4tel Oh S\u00e8vres Autrement","description":"H\u00f4tel situ\u00e9 \u00e0 S\u00e8vres dans les Hauts de Seine","potentialAction":[{"@type":"SearchAction","target":{"@type":"EntryPoint","urlTemplate":"https:\/\/hotelohsevresautrement.fr\/?s={search_term_string}"},"query-input":{"@type":"PropertyValueSpecification","valueRequired":true,"valueName":"search_term_string"}}],"inLanguage":"en-GB"}]}},"uagb_featured_image_src":{"full":false,"thumbnail":false,"medium":false,"medium_large":false,"large":false,"nd_booking_image_size_1110_611":false,"nd_booking_image_size_1110_570":false,"nd_booking_image_size_720_720":false,"nd_options_location_image_376_308":false,"1536x1536":false,"2048x2048":false,"trp-custom-language-flag":false,"mailpoet_newsletter_max":false},"uagb_author_info":{"display_name":"OhSevreautrement-Admin","author_link":"https:\/\/hotelohsevresautrement.fr\/en\/author\/ohsevreautrement-admin\/"},"uagb_comment_info":0,"uagb_excerpt":null,"jetpack_sharing_enabled":true,"_links":{"self":[{"href":"https:\/\/hotelohsevresautrement.fr\/en\/wp-json\/wp\/v2\/pages\/460","targetHints":{"allow":["GET"]}}],"collection":[{"href":"https:\/\/hotelohsevresautrement.fr\/en\/wp-json\/wp\/v2\/pages"}],"about":[{"href":"https:\/\/hotelohsevresautrement.fr\/en\/wp-json\/wp\/v2\/types\/page"}],"author":[{"embeddable":true,"href":"https:\/\/hotelohsevresautrement.fr\/en\/wp-json\/wp\/v2\/users\/1"}],"replies":[{"embeddable":true,"href":"https:\/\/hotelohsevresautrement.fr\/en\/wp-json\/wp\/v2\/comments?post=460"}],"version-history":[{"count":21,"href":"https:\/\/hotelohsevresautrement.fr\/en\/wp-json\/wp\/v2\/pages\/460\/revisions"}],"predecessor-version":[{"id":2481,"href":"https:\/\/hotelohsevresautrement.fr\/en\/wp-json\/wp\/v2\/pages\/460\/revisions\/2481"}],"wp:attachment":[{"href":"https:\/\/hotelohsevresautrement.fr\/en\/wp-json\/wp\/v2\/media?parent=460"}],"curies":[{"name":"wp","href":"https:\/\/api.w.org\/{rel}","templated":true}]}}